{"id":66,"date":"2026-01-14T17:10:24","date_gmt":"2026-01-14T17:10:24","guid":{"rendered":"http:\/\/marion-nicolas.local\/?page_id=66"},"modified":"2026-04-20T16:36:02","modified_gmt":"2026-04-20T16:36:02","slug":"prestations","status":"publish","type":"page","link":"https:\/\/www.webvice.fr\/marion-nicolas\/prestations\/","title":{"rendered":"Prestations &#038; tarifs"},"content":{"rendered":"<p>[et_pb_section fb_built=\u00a0\u00bb1&Prime; _builder_version=\u00a0\u00bb4.27.5&Prime; _module_preset=\u00a0\u00bbdefault\u00a0\u00bb background_image=\u00a0\u00bbhttps:\/\/www.webvice.fr\/marion-nicolas\/wp-content\/uploads\/2026\/02\/252.jpg\u00a0\u00bb min_height_tablet=\u00a0\u00bb\u00a0\u00bb min_height_phone=\u00a0\u00bb\u00a0\u00bb min_height_last_edited=\u00a0\u00bbon|desktop\u00a0\u00bb height=\u00a0\u00bb500px\u00a0\u00bb height_tablet=\u00a0\u00bb500px\u00a0\u00bb height_phone=\u00a0\u00bb500px\u00a0\u00bb height_last_edited=\u00a0\u00bbon|desktop\u00a0\u00bb custom_margin=\u00a0\u00bb-223px||||false|false\u00a0\u00bb custom_margin_tablet=\u00a0\u00bb-223px||||false|false\u00a0\u00bb custom_margin_phone=\u00a0\u00bb-223px||||false|false\u00a0\u00bb custom_margin_last_edited=\u00a0\u00bbon|desktop\u00a0\u00bb locked=\u00a0\u00bboff\u00a0\u00bb global_colors_info=\u00a0\u00bb{}\u00a0\u00bb][et_pb_row _builder_version=\u00a0\u00bb4.27.5&Prime; _module_preset=\u00a0\u00bbdefault\u00a0\u00bb global_colors_info=\u00a0\u00bb{}\u00a0\u00bb][et_pb_column type=\u00a0\u00bb4_4&Prime; _builder_version=\u00a0\u00bb4.27.5&Prime; _module_preset=\u00a0\u00bbdefault\u00a0\u00bb global_colors_info=\u00a0\u00bb{}\u00a0\u00bb][et_pb_text _builder_version=\u00a0\u00bb4.27.5&Prime; _module_preset=\u00a0\u00bbdefault\u00a0\u00bb header_font=\u00a0\u00bbPlayfair Display|600||on|||||\u00a0\u00bb header_text_color=\u00a0\u00bb#FFFFFF\u00a0\u00bb header_font_size=\u00a0\u00bb70px\u00a0\u00bb background_layout=\u00a0\u00bbdark\u00a0\u00bb custom_margin=\u00a0\u00bb70px||0px|0px|false|false\u00a0\u00bb custom_margin_tablet=\u00a0\u00bb60px||0px||false|false\u00a0\u00bb custom_margin_phone=\u00a0\u00bb45px||||false|false\u00a0\u00bb custom_margin_last_edited=\u00a0\u00bbon|phone\u00a0\u00bb header_font_size_tablet=\u00a0\u00bb55px\u00a0\u00bb header_font_size_phone=\u00a0\u00bb40px\u00a0\u00bb header_font_size_last_edited=\u00a0\u00bbon|desktop\u00a0\u00bb header_line_height_tablet=\u00a0\u00bb\u00a0\u00bb header_line_height_phone=\u00a0\u00bb1.2em\u00a0\u00bb header_line_height_last_edited=\u00a0\u00bbon|tablet\u00a0\u00bb locked=\u00a0\u00bboff\u00a0\u00bb global_colors_info=\u00a0\u00bb{}\u00a0\u00bb]<\/p>\n<h1>Prestations &amp; tarifs<\/h1>\n<p>[\/et_pb_text][\/et_pb_column][\/et_pb_row][\/et_pb_section][et_pb_section fb_built=\u00a0\u00bb1&Prime; admin_label=\u00a0\u00bbAbout\u00a0\u00bb module_id=\u00a0\u00bbcontent\u00a0\u00bb _builder_version=\u00a0\u00bb4.16&Prime; _module_preset=\u00a0\u00bbdefault\u00a0\u00bb background_enable_image=\u00a0\u00bboff\u00a0\u00bb background_size=\u00a0\u00bbinitial\u00a0\u00bb custom_margin=\u00a0\u00bb-18px||||false|false\u00a0\u00bb custom_padding=\u00a0\u00bb40px||12px|||\u00a0\u00bb locked=\u00a0\u00bboff\u00a0\u00bb global_colors_info=\u00a0\u00bb{}\u00a0\u00bb][et_pb_row _builder_version=\u00a0\u00bb4.27.5&Prime; _module_preset=\u00a0\u00bbdefault\u00a0\u00bb max_width=\u00a0\u00bb700px\u00a0\u00bb module_alignment=\u00a0\u00bbcenter\u00a0\u00bb animation_style=\u00a0\u00bbslide\u00a0\u00bb global_colors_info=\u00a0\u00bb{}\u00a0\u00bb][et_pb_column type=\u00a0\u00bb4_4&Prime; _builder_version=\u00a0\u00bb4.16&Prime; _module_preset=\u00a0\u00bbdefault\u00a0\u00bb global_colors_info=\u00a0\u00bb{}\u00a0\u00bb][et_pb_text _builder_version=\u00a0\u00bb4.27.5&Prime; _module_preset=\u00a0\u00bbdefault\u00a0\u00bb header_2_font=\u00a0\u00bbPlayfair Display||||||||\u00a0\u00bb header_2_text_color=\u00a0\u00bb#a26737&Prime; header_2_font_size=\u00a0\u00bb50px\u00a0\u00bb text_orientation=\u00a0\u00bbcenter\u00a0\u00bb custom_margin=\u00a0\u00bb||37px|||\u00a0\u00bb header_2_font_size_tablet=\u00a0\u00bb42px\u00a0\u00bb header_2_font_size_phone=\u00a0\u00bb27px\u00a0\u00bb header_2_font_size_last_edited=\u00a0\u00bbon|phone\u00a0\u00bb header_2_line_height_tablet=\u00a0\u00bb\u00a0\u00bb header_2_line_height_phone=\u00a0\u00bb1.2em\u00a0\u00bb header_2_line_height_last_edited=\u00a0\u00bbon|phone\u00a0\u00bb global_colors_info=\u00a0\u00bb{}\u00a0\u00bb]<\/p>\n<h2><span style=\"color: #c07d76;\">Des s\u00e9ances personnalis\u00e9es pour les sportifs et les particuliers<\/span><\/h2>\n<p>[\/et_pb_text][et_pb_text _builder_version=\u00a0\u00bb4.27.5&Prime; _module_preset=\u00a0\u00bbdefault\u00a0\u00bb text_font=\u00a0\u00bbPoppins||||||||\u00a0\u00bb text_font_size=\u00a0\u00bb18px\u00a0\u00bb text_line_height=\u00a0\u00bb1.8em\u00a0\u00bb text_orientation=\u00a0\u00bbjustified\u00a0\u00bb custom_margin=\u00a0\u00bb||10px||false|false\u00a0\u00bb text_font_size_tablet=\u00a0\u00bb\u00a0\u00bb text_font_size_phone=\u00a0\u00bb14px\u00a0\u00bb text_font_size_last_edited=\u00a0\u00bbon|phone\u00a0\u00bb global_colors_info=\u00a0\u00bb{}\u00a0\u00bb]<\/p>\n<p>Chaque accompagnement est unique. Les s\u00e9ances de sophrologie sont adapt\u00e9es \u00e0 votre rythme, \u00e0 votre parcours et \u00e0 ce que vous traversez, avec une attention particuli\u00e8re port\u00e9e aux sportifs.<\/p>\n<p>[\/et_pb_text][\/et_pb_column][\/et_pb_row][\/et_pb_section][et_pb_section fb_built=\u00a0\u00bb1&Prime; admin_label=\u00a0\u00bbServices\u00a0\u00bb _builder_version=\u00a0\u00bb4.21.0&Prime; _module_preset=\u00a0\u00bbdefault\u00a0\u00bb custom_padding=\u00a0\u00bb27px||33px|||\u00a0\u00bb locked=\u00a0\u00bboff\u00a0\u00bb collapsed=\u00a0\u00bbon\u00a0\u00bb global_colors_info=\u00a0\u00bb{}\u00a0\u00bb][et_pb_row column_structure=\u00a0\u00bb1_2,1_2&Prime; custom_padding_last_edited=\u00a0\u00bbon|tablet\u00a0\u00bb _builder_version=\u00a0\u00bb4.27.5&Prime; _module_preset=\u00a0\u00bbdefault\u00a0\u00bb custom_padding_tablet=\u00a0\u00bb||0px||false|false\u00a0\u00bb custom_padding_phone=\u00a0\u00bb||0px||false|false\u00a0\u00bb animation_style=\u00a0\u00bbfold\u00a0\u00bb global_colors_info=\u00a0\u00bb{}\u00a0\u00bb][et_pb_column type=\u00a0\u00bb1_2&Prime; _builder_version=\u00a0\u00bb4.27.5&Prime; _module_preset=\u00a0\u00bbdefault\u00a0\u00bb global_colors_info=\u00a0\u00bb{}\u00a0\u00bb transform_styles__hover_enabled=\u00a0\u00bbon|hover\u00a0\u00bb transform_scale__hover_enabled=\u00a0\u00bbon|hover\u00a0\u00bb transform_translate__hover_enabled=\u00a0\u00bbon|desktop\u00a0\u00bb transform_rotate__hover_enabled=\u00a0\u00bbon|desktop\u00a0\u00bb transform_skew__hover_enabled=\u00a0\u00bbon|desktop\u00a0\u00bb transform_origin__hover_enabled=\u00a0\u00bbon|desktop\u00a0\u00bb transform_scale__hover=\u00a0\u00bb110%|110%\u00a0\u00bb][et_pb_image src=\u00a0\u00bbhttps:\/\/www.webvice.fr\/marion-nicolas\/wp-content\/uploads\/2026\/02\/2149731293.jpg\u00a0\u00bb alt=\u00a0\u00bbsportifs qui cours\u00a0\u00bb title_text=\u00a0\u00bbsportifs qui cours\u00a0\u00bb _builder_version=\u00a0\u00bb4.27.5&Prime; _module_preset=\u00a0\u00bbdefault\u00a0\u00bb global_colors_info=\u00a0\u00bb{}\u00a0\u00bb][\/et_pb_image][et_pb_text _builder_version=\u00a0\u00bb4.27.5&Prime; _module_preset=\u00a0\u00bbc81b4ab3-0133-4308-9fe9-f98ff0959572&Prime; header_5_text_align=\u00a0\u00bbcenter\u00a0\u00bb header_5_font_size=\u00a0\u00bb22px\u00a0\u00bb custom_margin=\u00a0\u00bb||0px||false|false\u00a0\u00bb header_5_text_align_tablet=\u00a0\u00bbcenter\u00a0\u00bb header_5_text_align_phone=\u00a0\u00bbcenter\u00a0\u00bb header_5_text_align_last_edited=\u00a0\u00bbon|phone\u00a0\u00bb header_5_font_size_tablet=\u00a0\u00bb25px\u00a0\u00bb header_5_font_size_phone=\u00a0\u00bb22px\u00a0\u00bb global_colors_info=\u00a0\u00bb{}\u00a0\u00bb]<\/p>\n<h5 style=\"text-align: left;\">\ud83c\udfc3\u200d\u2642\ufe0f S\u00e9ances individuelles (sportifs &amp; particuliers)<\/h5>\n<p>&nbsp;<\/p>\n<p>[\/et_pb_text][et_pb_text _builder_version=\u00a0\u00bb4.27.5&Prime; _module_preset=\u00a0\u00bb30ebc283-43d1-428f-b097-5a0e043ce36f\u00a0\u00bb text_font=\u00a0\u00bbPoppins|||on|||||\u00a0\u00bb global_colors_info=\u00a0\u00bb{}\u00a0\u00bb]<\/p>\n<p data-start=\"644\" data-end=\"702\"><strong data-start=\"644\" data-end=\"702\">Un accompagnement personnalis\u00e9, en cabinet ou en visio<\/strong><\/p>\n<ul data-start=\"704\" data-end=\"841\">\n<li data-start=\"704\" data-end=\"744\">\n<p data-start=\"706\" data-end=\"744\"><strong data-start=\"706\" data-end=\"733\">Enfant \/ tarif \u00e9tudiant<\/strong> : <strong data-start=\"736\" data-end=\"744\">45 \u20ac<\/strong><\/p>\n<\/li>\n<li data-start=\"745\" data-end=\"786\">\n<p data-start=\"747\" data-end=\"786\"><strong data-start=\"747\" data-end=\"775\">S\u00e9ance individuelle \u2013 1h<\/strong> : <strong data-start=\"778\" data-end=\"786\">60 \u20ac<\/strong><\/p>\n<\/li>\n<li data-start=\"787\" data-end=\"841\">\n<p data-start=\"789\" data-end=\"841\"><strong data-start=\"789\" data-end=\"830\">S\u00e9ance individuelle \u2013 dur\u00e9e prolong\u00e9e<\/strong> : <strong data-start=\"833\" data-end=\"841\">90 \u20ac<\/strong><\/p>\n<\/li>\n<\/ul>\n<p><strong>Pour les tarifs et modalit\u00e9s des s\u00e9ances sportifs voir <a href=\"https:\/\/www.webvice.fr\/marion-nicolas\/sportifs\"><span style=\"text-decoration: underline;\"><span style=\"color: #c07d76; text-decoration: underline;\">ici<\/span><\/span><\/a><\/strong><\/p>\n<p data-start=\"843\" data-end=\"933\">\ud83d\udcdd <em data-start=\"846\" data-end=\"933\">La dur\u00e9e de la s\u00e9ance peut varier selon vos besoins et le temps d\u2019\u00e9change n\u00e9cessaire.<\/em><\/p>\n<p>[\/et_pb_text][\/et_pb_column][et_pb_column type=\u00a0\u00bb1_2&Prime; _builder_version=\u00a0\u00bb4.27.5&Prime; _module_preset=\u00a0\u00bbdefault\u00a0\u00bb global_colors_info=\u00a0\u00bb{}\u00a0\u00bb transform_styles__hover_enabled=\u00a0\u00bbon|hover\u00a0\u00bb transform_scale__hover_enabled=\u00a0\u00bbon|hover\u00a0\u00bb transform_translate__hover_enabled=\u00a0\u00bbon|desktop\u00a0\u00bb transform_rotate__hover_enabled=\u00a0\u00bbon|desktop\u00a0\u00bb transform_skew__hover_enabled=\u00a0\u00bbon|desktop\u00a0\u00bb transform_origin__hover_enabled=\u00a0\u00bbon|desktop\u00a0\u00bb transform_scale__hover=\u00a0\u00bb110%|110%\u00a0\u00bb][et_pb_image src=\u00a0\u00bbhttps:\/\/www.webvice.fr\/marion-nicolas\/wp-content\/uploads\/2026\/01\/4128.jpg\u00a0\u00bb alt=\u00a0\u00bbsophro atelier\u00a0\u00bb title_text=\u00a0\u00bbsophro atelier\u00a0\u00bb _builder_version=\u00a0\u00bb4.27.5&Prime; _module_preset=\u00a0\u00bbdefault\u00a0\u00bb global_colors_info=\u00a0\u00bb{}\u00a0\u00bb][\/et_pb_image][et_pb_text _builder_version=\u00a0\u00bb4.27.5&Prime; _module_preset=\u00a0\u00bbc81b4ab3-0133-4308-9fe9-f98ff0959572&Prime; header_5_font_size=\u00a0\u00bb22px\u00a0\u00bb custom_margin=\u00a0\u00bb||0px||false|false\u00a0\u00bb header_5_font_size_tablet=\u00a0\u00bb25px\u00a0\u00bb header_5_font_size_phone=\u00a0\u00bb25px\u00a0\u00bb global_colors_info=\u00a0\u00bb{}\u00a0\u00bb]<\/p>\n<h5>\ud83d\udc65 S\u00e9ances en groupe<\/h5>\n<p>&nbsp;<\/p>\n<p>[\/et_pb_text][et_pb_text _builder_version=\u00a0\u00bb4.27.5&Prime; _module_preset=\u00a0\u00bb30ebc283-43d1-428f-b097-5a0e043ce36f\u00a0\u00bb text_font=\u00a0\u00bbPoppins|||on|||||\u00a0\u00bb global_colors_info=\u00a0\u00bb{}\u00a0\u00bb]<\/p>\n<p data-start=\"1008\" data-end=\"1074\"><strong data-start=\"1008\" data-end=\"1074\">Partager une exp\u00e9rience collective tout en travaillant sur soi<\/strong><\/p>\n<ul data-start=\"1076\" data-end=\"1158\">\n<li data-start=\"1076\" data-end=\"1109\">\n<p data-start=\"1078\" data-end=\"1109\"><strong data-start=\"1078\" data-end=\"1098\">S\u00e9ance en groupe<\/strong> : <strong data-start=\"1101\" data-end=\"1109\">20 \u20ac<\/strong><\/p>\n<\/li>\n<li data-start=\"1110\" data-end=\"1158\">\n<p data-start=\"1112\" data-end=\"1158\"><strong data-start=\"1112\" data-end=\"1146\">Forfait trimestre (10 s\u00e9ances)<\/strong> : <strong data-start=\"1149\" data-end=\"1158\">170 \u20ac<\/strong><\/p>\n<\/li>\n<\/ul>\n<p data-start=\"1160\" data-end=\"1243\">\ud83d\udcdd <em data-start=\"1163\" data-end=\"1243\">Id\u00e9al pour d\u00e9couvrir la sophrologie ou s\u2019inscrire dans une pratique r\u00e9guli\u00e8re.<\/em><\/p>\n<p>[\/et_pb_text][\/et_pb_column][\/et_pb_row][et_pb_row column_structure=\u00a0\u00bb1_2,1_2&Prime; _builder_version=\u00a0\u00bb4.27.5&Prime; _module_preset=\u00a0\u00bbdefault\u00a0\u00bb animation_style=\u00a0\u00bbfold\u00a0\u00bb global_colors_info=\u00a0\u00bb{}\u00a0\u00bb][et_pb_column type=\u00a0\u00bb1_2&Prime; _builder_version=\u00a0\u00bb4.27.5&Prime; _module_preset=\u00a0\u00bbdefault\u00a0\u00bb global_colors_info=\u00a0\u00bb{}\u00a0\u00bb transform_styles__hover_enabled=\u00a0\u00bbon|hover\u00a0\u00bb transform_scale__hover_enabled=\u00a0\u00bbon|hover\u00a0\u00bb transform_translate__hover_enabled=\u00a0\u00bbon|desktop\u00a0\u00bb transform_rotate__hover_enabled=\u00a0\u00bbon|desktop\u00a0\u00bb transform_skew__hover_enabled=\u00a0\u00bbon|desktop\u00a0\u00bb transform_origin__hover_enabled=\u00a0\u00bbon|desktop\u00a0\u00bb transform_scale__hover=\u00a0\u00bb110%|110%\u00a0\u00bb][et_pb_image src=\u00a0\u00bbhttps:\/\/www.webvice.fr\/marion-nicolas\/wp-content\/uploads\/2026\/02\/62.jpg\u00a0\u00bb alt=\u00a0\u00bbsophro entreprise\u00a0\u00bb title_text=\u00a0\u00bbsophro entreprise\u00a0\u00bb _builder_version=\u00a0\u00bb4.27.5&Prime; _module_preset=\u00a0\u00bbdefault\u00a0\u00bb global_colors_info=\u00a0\u00bb{}\u00a0\u00bb][\/et_pb_image][et_pb_text _builder_version=\u00a0\u00bb4.27.5&Prime; _module_preset=\u00a0\u00bbc81b4ab3-0133-4308-9fe9-f98ff0959572&Prime; header_5_font_size=\u00a0\u00bb22px\u00a0\u00bb custom_margin=\u00a0\u00bb||0px||false|false\u00a0\u00bb header_5_font_size_tablet=\u00a0\u00bb25px\u00a0\u00bb header_5_font_size_phone=\u00a0\u00bb22px\u00a0\u00bb global_colors_info=\u00a0\u00bb{}\u00a0\u00bb]<\/p>\n<h5>\ud83c\udfe2 Entreprises &amp; structures<\/h5>\n<p>&nbsp;<\/p>\n<p>[\/et_pb_text][et_pb_text _builder_version=\u00a0\u00bb4.27.5&Prime; _module_preset=\u00a0\u00bb30ebc283-43d1-428f-b097-5a0e043ce36f\u00a0\u00bb text_font=\u00a0\u00bbPoppins|||on|||||\u00a0\u00bb global_colors_info=\u00a0\u00bb{}\u00a0\u00bb]<\/p>\n<p data-start=\"1282\" data-end=\"1359\"><strong data-start=\"1282\" data-end=\"1359\">Interventions adapt\u00e9es aux besoins des \u00e9quipes et des publics accompagn\u00e9s<\/strong><\/p>\n<ul data-start=\"1361\" data-end=\"1465\">\n<li data-start=\"1361\" data-end=\"1428\">\n<p data-start=\"1363\" data-end=\"1428\"><strong data-start=\"1363\" data-end=\"1428\">Entreprises, associations, structures sportives ou \u00e9ducatives<\/strong><\/p>\n<\/li>\n<li data-start=\"1429\" data-end=\"1465\">\n<p data-start=\"1431\" data-end=\"1465\"><strong data-start=\"1431\" data-end=\"1465\">Devis personnalis\u00e9 sur demande<\/strong><\/p>\n<\/li>\n<\/ul>\n<p data-start=\"1467\" data-end=\"1516\">\ud83d\udc49 <em data-start=\"1470\" data-end=\"1516\">Contactez-moi pour \u00e9changer sur votre projet<\/em><\/p>\n<p>[\/et_pb_text][\/et_pb_column][et_pb_column type=\u00a0\u00bb1_2&Prime; _builder_version=\u00a0\u00bb4.27.5&Prime; _module_preset=\u00a0\u00bbdefault\u00a0\u00bb global_colors_info=\u00a0\u00bb{}\u00a0\u00bb transform_styles__hover_enabled=\u00a0\u00bbon|hover\u00a0\u00bb transform_scale__hover_enabled=\u00a0\u00bbon|hover\u00a0\u00bb transform_translate__hover_enabled=\u00a0\u00bbon|desktop\u00a0\u00bb transform_rotate__hover_enabled=\u00a0\u00bbon|desktop\u00a0\u00bb transform_skew__hover_enabled=\u00a0\u00bbon|desktop\u00a0\u00bb transform_origin__hover_enabled=\u00a0\u00bbon|desktop\u00a0\u00bb transform_scale__hover=\u00a0\u00bb110%|110%\u00a0\u00bb][et_pb_image src=\u00a0\u00bbhttps:\/\/www.webvice.fr\/marion-nicolas\/wp-content\/uploads\/2026\/02\/2149260239.jpg\u00a0\u00bb alt=\u00a0\u00bbateliers sophrologie\u00a0\u00bb title_text=\u00a0\u00bbateliers sophrologie\u00a0\u00bb _builder_version=\u00a0\u00bb4.27.5&Prime; _module_preset=\u00a0\u00bbdefault\u00a0\u00bb global_colors_info=\u00a0\u00bb{}\u00a0\u00bb][\/et_pb_image][et_pb_text _builder_version=\u00a0\u00bb4.27.5&Prime; _module_preset=\u00a0\u00bbc81b4ab3-0133-4308-9fe9-f98ff0959572&Prime; header_5_font_size=\u00a0\u00bb22px\u00a0\u00bb custom_margin=\u00a0\u00bb||0px||false|false\u00a0\u00bb header_5_font_size_tablet=\u00a0\u00bb25px\u00a0\u00bb header_5_font_size_phone=\u00a0\u00bb22px\u00a0\u00bb global_colors_info=\u00a0\u00bb{}\u00a0\u00bb]<\/p>\n<h5>\ud83e\udde0 Ateliers de sophrologie<\/h5>\n<p>&nbsp;<\/p>\n<p>[\/et_pb_text][et_pb_text _builder_version=\u00a0\u00bb4.27.5&Prime; _module_preset=\u00a0\u00bb30ebc283-43d1-428f-b097-5a0e043ce36f\u00a0\u00bb text_font=\u00a0\u00bbPoppins|||on|||||\u00a0\u00bb global_colors_info=\u00a0\u00bb{}\u00a0\u00bb]<\/p>\n<p data-start=\"1554\" data-end=\"1599\"><strong data-start=\"1554\" data-end=\"1599\">Des temps d\u00e9di\u00e9s \u00e0 une th\u00e9matique pr\u00e9cise<\/strong><\/p>\n<p data-start=\"1554\" data-end=\"1599\">Les ateliers sont propos\u00e9s ponctuellement, en fonction des besoins et des th\u00e9matiques abord\u00e9es (sport, stress, \u00e9motions, bien-\u00eatre).<\/p>\n<p data-start=\"1737\" data-end=\"1821\">\ud83d\udc49 <em data-start=\"1740\" data-end=\"1821\">Les prochaines dates sont communiqu\u00e9es sur la page d\u2019accueil et les \u00e9v\u00e9nements.<\/em><\/p>\n<p>[\/et_pb_text][\/et_pb_column][\/et_pb_row][et_pb_row use_custom_gutter=\u00a0\u00bbon\u00a0\u00bb gutter_width=\u00a0\u00bb1&Prime; make_equal=\u00a0\u00bbon\u00a0\u00bb custom_padding_last_edited=\u00a0\u00bboff|phone\u00a0\u00bb _builder_version=\u00a0\u00bb4.27.5&Prime; _module_preset=\u00a0\u00bbdefault\u00a0\u00bb custom_padding=\u00a0\u00bb||0px|||\u00a0\u00bb custom_padding_tablet=\u00a0\u00bb||0px||false|false\u00a0\u00bb custom_padding_phone=\u00a0\u00bb||0px||false|false\u00a0\u00bb locked=\u00a0\u00bboff\u00a0\u00bb global_colors_info=\u00a0\u00bb{}\u00a0\u00bb][et_pb_column type=\u00a0\u00bb4_4&Prime; _builder_version=\u00a0\u00bb4.16&Prime; _module_preset=\u00a0\u00bbdefault\u00a0\u00bb global_colors_info=\u00a0\u00bb{}\u00a0\u00bb][et_pb_button button_url=\u00a0\u00bbhttps:\/\/perfactive.fr\/marion-nicolas1\/book\u00a0\u00bb url_new_window=\u00a0\u00bbon\u00a0\u00bb button_text=\u00a0\u00bbPrendre rendez-vous\u00a0\u00bb button_alignment=\u00a0\u00bbcenter\u00a0\u00bb _builder_version=\u00a0\u00bb4.27.6&Prime; _module_preset=\u00a0\u00bbdefault\u00a0\u00bb custom_button=\u00a0\u00bbon\u00a0\u00bb button_text_size=\u00a0\u00bb30px\u00a0\u00bb button_text_color=\u00a0\u00bb#FFFFFF\u00a0\u00bb button_bg_color=\u00a0\u00bb#c07d76&Prime; button_border_color=\u00a0\u00bbRGBA(255,255,255,0)\u00a0\u00bb button_border_radius=\u00a0\u00bb12px\u00a0\u00bb button_font=\u00a0\u00bbPlayfair Display||||||||\u00a0\u00bb button_text_size_tablet=\u00a0\u00bb25px\u00a0\u00bb button_text_size_phone=\u00a0\u00bb20px\u00a0\u00bb button_text_size_last_edited=\u00a0\u00bbon|phone\u00a0\u00bb global_colors_info=\u00a0\u00bb{}\u00a0\u00bb transform_styles__hover_enabled=\u00a0\u00bbon|hover\u00a0\u00bb transform_scale__hover_enabled=\u00a0\u00bbon|hover\u00a0\u00bb transform_translate__hover_enabled=\u00a0\u00bbon|desktop\u00a0\u00bb transform_rotate__hover_enabled=\u00a0\u00bbon|desktop\u00a0\u00bb transform_skew__hover_enabled=\u00a0\u00bbon|desktop\u00a0\u00bb transform_origin__hover_enabled=\u00a0\u00bbon|desktop\u00a0\u00bb transform_scale__hover=\u00a0\u00bb110%|110%\u00a0\u00bb][\/et_pb_button][\/et_pb_column][\/et_pb_row][\/et_pb_section]<\/p>\n","protected":false},"excerpt":{"rendered":"<p>Prestations &amp; tarifsDes s\u00e9ances personnalis\u00e9es pour les sportifs et les particuliersChaque accompagnement est unique. Les s\u00e9ances de sophrologie sont adapt\u00e9es \u00e0 votre rythme, \u00e0 votre parcours et \u00e0 ce que vous traversez, avec une attention particuli\u00e8re port\u00e9e aux sportifs.\ud83c\udfc3\u200d\u2642\ufe0f S\u00e9ances individuelles (sportifs &amp; particuliers) &nbsp;Un accompagnement personnalis\u00e9, en cabinet ou en visio Enfant \/ tarif [&hellip;]<\/p>\n","protected":false},"author":1,"featured_media":0,"parent":0,"menu_order":0,"comment_status":"closed","ping_status":"closed","template":"","meta":{"_et_pb_use_builder":"on","_et_pb_old_content":"","_et_gb_content_width":"","footnotes":""},"class_list":["post-66","page","type-page","status-publish","hentry"],"yoast_head":"<!-- This site is optimized with the Yoast SEO plugin v27.5 - https:\/\/yoast.com\/product\/yoast-seo-wordpress\/ -->\n<title>S\u00e9ances de sophrologie \u00e0 Brian\u00e7on - Prestations &amp; tarifs<\/title>\n<meta name=\"description\" content=\"S\u00e9ances de sophrologie sur-mesure \u00e0 Brian\u00e7on pour sportifs, adultes et adolescents. D\u00e9couvrez les prestations et tarifs pour un accompagnement adapt\u00e9.\" \/>\n<meta name=\"robots\" content=\"noindex, nofollow\" \/>\n<meta property=\"og:locale\" content=\"fr_FR\" \/>\n<meta property=\"og:type\" content=\"article\" \/>\n<meta property=\"og:title\" content=\"S\u00e9ances de sophrologie \u00e0 Brian\u00e7on - Prestations &amp; tarifs\" \/>\n<meta property=\"og:description\" content=\"S\u00e9ances de sophrologie sur-mesure \u00e0 Brian\u00e7on pour sportifs, adultes et adolescents. D\u00e9couvrez les prestations et tarifs pour un accompagnement adapt\u00e9.\" \/>\n<meta property=\"og:url\" content=\"https:\/\/www.webvice.fr\/marion-nicolas\/prestations\/\" \/>\n<meta property=\"og:site_name\" content=\"Marion Nicolas\" \/>\n<meta property=\"article:modified_time\" content=\"2026-04-20T16:36:02+00:00\" \/>\n<meta name=\"twitter:card\" content=\"summary_large_image\" \/>\n<meta name=\"twitter:label1\" content=\"Dur\u00e9e de lecture estim\u00e9e\" \/>\n\t<meta name=\"twitter:data1\" content=\"2 minutes\" \/>\n<script type=\"application\/ld+json\" class=\"yoast-schema-graph\">{\"@context\":\"https:\\\/\\\/schema.org\",\"@graph\":[{\"@type\":\"WebPage\",\"@id\":\"https:\\\/\\\/www.webvice.fr\\\/marion-nicolas\\\/prestations\\\/\",\"url\":\"https:\\\/\\\/www.webvice.fr\\\/marion-nicolas\\\/prestations\\\/\",\"name\":\"S\u00e9ances de sophrologie \u00e0 Brian\u00e7on - Prestations & tarifs\",\"isPartOf\":{\"@id\":\"https:\\\/\\\/www.webvice.fr\\\/marion-nicolas\\\/#website\"},\"datePublished\":\"2026-01-14T17:10:24+00:00\",\"dateModified\":\"2026-04-20T16:36:02+00:00\",\"description\":\"S\u00e9ances de sophrologie sur-mesure \u00e0 Brian\u00e7on pour sportifs, adultes et adolescents. D\u00e9couvrez les prestations et tarifs pour un accompagnement adapt\u00e9.\",\"breadcrumb\":{\"@id\":\"https:\\\/\\\/www.webvice.fr\\\/marion-nicolas\\\/prestations\\\/#breadcrumb\"},\"inLanguage\":\"fr-FR\",\"potentialAction\":[{\"@type\":\"ReadAction\",\"target\":[\"https:\\\/\\\/www.webvice.fr\\\/marion-nicolas\\\/prestations\\\/\"]}]},{\"@type\":\"BreadcrumbList\",\"@id\":\"https:\\\/\\\/www.webvice.fr\\\/marion-nicolas\\\/prestations\\\/#breadcrumb\",\"itemListElement\":[{\"@type\":\"ListItem\",\"position\":1,\"name\":\"Accueil\",\"item\":\"https:\\\/\\\/www.webvice.fr\\\/marion-nicolas\\\/\"},{\"@type\":\"ListItem\",\"position\":2,\"name\":\"Prestations &#038; tarifs\"}]},{\"@type\":\"WebSite\",\"@id\":\"https:\\\/\\\/www.webvice.fr\\\/marion-nicolas\\\/#website\",\"url\":\"https:\\\/\\\/www.webvice.fr\\\/marion-nicolas\\\/\",\"name\":\"Marion Nicolas\",\"description\":\"\",\"potentialAction\":[{\"@type\":\"SearchAction\",\"target\":{\"@type\":\"EntryPoint\",\"urlTemplate\":\"https:\\\/\\\/www.webvice.fr\\\/marion-nicolas\\\/?s={search_term_string}\"},\"query-input\":{\"@type\":\"PropertyValueSpecification\",\"valueRequired\":true,\"valueName\":\"search_term_string\"}}],\"inLanguage\":\"fr-FR\"}]}<\/script>\n<!-- \/ Yoast SEO plugin. -->","yoast_head_json":{"title":"S\u00e9ances de sophrologie \u00e0 Brian\u00e7on - Prestations & tarifs","description":"S\u00e9ances de sophrologie sur-mesure \u00e0 Brian\u00e7on pour sportifs, adultes et adolescents. D\u00e9couvrez les prestations et tarifs pour un accompagnement adapt\u00e9.","robots":{"index":"noindex","follow":"nofollow"},"og_locale":"fr_FR","og_type":"article","og_title":"S\u00e9ances de sophrologie \u00e0 Brian\u00e7on - Prestations & tarifs","og_description":"S\u00e9ances de sophrologie sur-mesure \u00e0 Brian\u00e7on pour sportifs, adultes et adolescents. D\u00e9couvrez les prestations et tarifs pour un accompagnement adapt\u00e9.","og_url":"https:\/\/www.webvice.fr\/marion-nicolas\/prestations\/","og_site_name":"Marion Nicolas","article_modified_time":"2026-04-20T16:36:02+00:00","twitter_card":"summary_large_image","twitter_misc":{"Dur\u00e9e de lecture estim\u00e9e":"2 minutes"},"schema":{"@context":"https:\/\/schema.org","@graph":[{"@type":"WebPage","@id":"https:\/\/www.webvice.fr\/marion-nicolas\/prestations\/","url":"https:\/\/www.webvice.fr\/marion-nicolas\/prestations\/","name":"S\u00e9ances de sophrologie \u00e0 Brian\u00e7on - Prestations & tarifs","isPartOf":{"@id":"https:\/\/www.webvice.fr\/marion-nicolas\/#website"},"datePublished":"2026-01-14T17:10:24+00:00","dateModified":"2026-04-20T16:36:02+00:00","description":"S\u00e9ances de sophrologie sur-mesure \u00e0 Brian\u00e7on pour sportifs, adultes et adolescents. D\u00e9couvrez les prestations et tarifs pour un accompagnement adapt\u00e9.","breadcrumb":{"@id":"https:\/\/www.webvice.fr\/marion-nicolas\/prestations\/#breadcrumb"},"inLanguage":"fr-FR","potentialAction":[{"@type":"ReadAction","target":["https:\/\/www.webvice.fr\/marion-nicolas\/prestations\/"]}]},{"@type":"BreadcrumbList","@id":"https:\/\/www.webvice.fr\/marion-nicolas\/prestations\/#breadcrumb","itemListElement":[{"@type":"ListItem","position":1,"name":"Accueil","item":"https:\/\/www.webvice.fr\/marion-nicolas\/"},{"@type":"ListItem","position":2,"name":"Prestations &#038; tarifs"}]},{"@type":"WebSite","@id":"https:\/\/www.webvice.fr\/marion-nicolas\/#website","url":"https:\/\/www.webvice.fr\/marion-nicolas\/","name":"Marion Nicolas","description":"","potentialAction":[{"@type":"SearchAction","target":{"@type":"EntryPoint","urlTemplate":"https:\/\/www.webvice.fr\/marion-nicolas\/?s={search_term_string}"},"query-input":{"@type":"PropertyValueSpecification","valueRequired":true,"valueName":"search_term_string"}}],"inLanguage":"fr-FR"}]}},"_links":{"self":[{"href":"https:\/\/www.webvice.fr\/marion-nicolas\/wp-json\/wp\/v2\/pages\/66","targetHints":{"allow":["GET"]}}],"collection":[{"href":"https:\/\/www.webvice.fr\/marion-nicolas\/wp-json\/wp\/v2\/pages"}],"about":[{"href":"https:\/\/www.webvice.fr\/marion-nicolas\/wp-json\/wp\/v2\/types\/page"}],"author":[{"embeddable":true,"href":"https:\/\/www.webvice.fr\/marion-nicolas\/wp-json\/wp\/v2\/users\/1"}],"replies":[{"embeddable":true,"href":"https:\/\/www.webvice.fr\/marion-nicolas\/wp-json\/wp\/v2\/comments?post=66"}],"version-history":[{"count":47,"href":"https:\/\/www.webvice.fr\/marion-nicolas\/wp-json\/wp\/v2\/pages\/66\/revisions"}],"predecessor-version":[{"id":1367,"href":"https:\/\/www.webvice.fr\/marion-nicolas\/wp-json\/wp\/v2\/pages\/66\/revisions\/1367"}],"wp:attachment":[{"href":"https:\/\/www.webvice.fr\/marion-nicolas\/wp-json\/wp\/v2\/media?parent=66"}],"curies":[{"name":"wp","href":"https:\/\/api.w.org\/{rel}","templated":true}]}}