{"id":191,"date":"2025-03-11T12:22:00","date_gmt":"2025-03-11T12:22:00","guid":{"rendered":"https:\/\/www.webvice.fr\/labellechaussure\/?post_type=product&#038;p=191"},"modified":"2025-11-06T11:04:42","modified_gmt":"2025-11-06T11:04:42","slug":"nocturne","status":"publish","type":"product","link":"https:\/\/www.webvice.fr\/labellechaussure\/produit\/nocturne\/","title":{"rendered":"Chaussure Lalabelle nocturne"},"content":{"rendered":"<p>L&rsquo;escarpin \u00ab\u00a0Nocturne\u00a0\u00bb de Lalabelle est l&rsquo;incarnation parfaite de l&rsquo;\u00e9l\u00e9gance et du myst\u00e8re, con\u00e7u pour illuminer vos soir\u00e9es les plus chics. Inspir\u00e9 par l&rsquo;atmosph\u00e8re envo\u00fbtante de la nuit, cet escarpin allie raffinement et audace. Le talon aiguille, d\u00e9licatement sculpt\u00e9, \u00e9lance la silhouette tout en apportant une stabilit\u00e9 remarquable, pour une marche gracieuse et assur\u00e9e. \u00c0 l&rsquo;int\u00e9rieur, la semelle ultra-confortable en mousse \u00e0 m\u00e9moire \u00e9pouse les contours du pied, offrant une sensation de douceur qui permet de profiter pleinement de la soir\u00e9e.<\/p>\n","protected":false},"excerpt":{"rendered":"<p>Chaussure \u00ab\u00a0Lalabelle\u00a0\u00bb nocturne.<\/p>\n","protected":false},"featured_media":192,"comment_status":"open","ping_status":"closed","template":"","meta":{"_et_pb_use_builder":"off","_et_pb_old_content":"L'escarpin \"Nocturne\" de Lalabelle est l'incarnation parfaite de l'\u00e9l\u00e9gance et du myst\u00e8re, con\u00e7u pour illuminer vos soir\u00e9es les plus chics. Inspir\u00e9 par l'atmosph\u00e8re envo\u00fbtante de la nuit, cet escarpin allie raffinement et audace.\r\n\r\nLe talon aiguille, d\u00e9licatement sculpt\u00e9, \u00e9lance la silhouette tout en apportant une stabilit\u00e9 remarquable, pour une marche gracieuse et assur\u00e9e. \u00c0 l'int\u00e9rieur, la semelle ultra-confortable en mousse \u00e0 m\u00e9moire \u00e9pouse les contours du pied, offrant une sensation de douceur qui permet de profiter pleinement de la soir\u00e9e.","_et_gb_content_width":""},"product_brand":[],"product_cat":[29],"product_tag":[],"class_list":{"0":"post-191","1":"product","2":"type-product","3":"status-publish","4":"has-post-thumbnail","6":"product_cat-escarpin","8":"first","9":"instock","10":"sale","11":"taxable","12":"shipping-taxable","13":"purchasable","14":"product-type-simple"},"yoast_head":"<!-- This site is optimized with the Yoast SEO plugin v27.4 - https:\/\/yoast.com\/product\/yoast-seo-wordpress\/ -->\n<title>Chaussure Lalabelle nocturne - La belle chaussure<\/title>\n<meta name=\"robots\" content=\"index, follow, max-snippet:-1, max-image-preview:large, max-video-preview:-1\" \/>\n<link rel=\"canonical\" href=\"https:\/\/www.webvice.fr\/labellechaussure\/produit\/nocturne\/\" \/>\n<meta property=\"og:locale\" content=\"fr_FR\" \/>\n<meta property=\"og:type\" content=\"article\" \/>\n<meta property=\"og:title\" content=\"Chaussure Lalabelle nocturne - La belle chaussure\" \/>\n<meta property=\"og:description\" content=\"Chaussure &quot;Lalabelle&quot; nocturne.\" \/>\n<meta property=\"og:url\" content=\"https:\/\/www.webvice.fr\/labellechaussure\/produit\/nocturne\/\" \/>\n<meta property=\"og:site_name\" content=\"La belle chaussure\" \/>\n<meta property=\"article:modified_time\" content=\"2025-11-06T11:04:42+00:00\" \/>\n<meta property=\"og:image\" content=\"https:\/\/www.webvice.fr\/labellechaussure\/wp-content\/uploads\/2025\/03\/foot-heels-shoe-girl-women.webp\" \/>\n\t<meta property=\"og:image:width\" content=\"600\" \/>\n\t<meta property=\"og:image:height\" content=\"400\" \/>\n\t<meta property=\"og:image:type\" content=\"image\/webp\" \/>\n<meta name=\"twitter:card\" content=\"summary_large_image\" \/>\n<meta name=\"twitter:label1\" content=\"Dur\u00e9e de lecture estim\u00e9e\" \/>\n\t<meta name=\"twitter:data1\" content=\"1 minute\" \/>\n<script type=\"application\/ld+json\" class=\"yoast-schema-graph\">{\"@context\":\"https:\\\/\\\/schema.org\",\"@graph\":[{\"@type\":\"WebPage\",\"@id\":\"https:\\\/\\\/www.webvice.fr\\\/labellechaussure\\\/produit\\\/nocturne\\\/\",\"url\":\"https:\\\/\\\/www.webvice.fr\\\/labellechaussure\\\/produit\\\/nocturne\\\/\",\"name\":\"Chaussure Lalabelle nocturne - La belle chaussure\",\"isPartOf\":{\"@id\":\"https:\\\/\\\/www.webvice.fr\\\/labellechaussure\\\/#website\"},\"primaryImageOfPage\":{\"@id\":\"https:\\\/\\\/www.webvice.fr\\\/labellechaussure\\\/produit\\\/nocturne\\\/#primaryimage\"},\"image\":{\"@id\":\"https:\\\/\\\/www.webvice.fr\\\/labellechaussure\\\/produit\\\/nocturne\\\/#primaryimage\"},\"thumbnailUrl\":\"https:\\\/\\\/www.webvice.fr\\\/labellechaussure\\\/wp-content\\\/uploads\\\/2025\\\/03\\\/foot-heels-shoe-girl-women.webp\",\"datePublished\":\"2025-03-11T12:22:00+00:00\",\"dateModified\":\"2025-11-06T11:04:42+00:00\",\"breadcrumb\":{\"@id\":\"https:\\\/\\\/www.webvice.fr\\\/labellechaussure\\\/produit\\\/nocturne\\\/#breadcrumb\"},\"inLanguage\":\"fr-FR\",\"potentialAction\":[{\"@type\":\"ReadAction\",\"target\":[\"https:\\\/\\\/www.webvice.fr\\\/labellechaussure\\\/produit\\\/nocturne\\\/\"]}]},{\"@type\":\"ImageObject\",\"inLanguage\":\"fr-FR\",\"@id\":\"https:\\\/\\\/www.webvice.fr\\\/labellechaussure\\\/produit\\\/nocturne\\\/#primaryimage\",\"url\":\"https:\\\/\\\/www.webvice.fr\\\/labellechaussure\\\/wp-content\\\/uploads\\\/2025\\\/03\\\/foot-heels-shoe-girl-women.webp\",\"contentUrl\":\"https:\\\/\\\/www.webvice.fr\\\/labellechaussure\\\/wp-content\\\/uploads\\\/2025\\\/03\\\/foot-heels-shoe-girl-women.webp\",\"width\":600,\"height\":400,\"caption\":\"chaussure lalabelle nocturne\"},{\"@type\":\"BreadcrumbList\",\"@id\":\"https:\\\/\\\/www.webvice.fr\\\/labellechaussure\\\/produit\\\/nocturne\\\/#breadcrumb\",\"itemListElement\":[{\"@type\":\"ListItem\",\"position\":1,\"name\":\"Accueil\",\"item\":\"https:\\\/\\\/www.webvice.fr\\\/labellechaussure\\\/\"},{\"@type\":\"ListItem\",\"position\":2,\"name\":\"Boutique\",\"item\":\"https:\\\/\\\/www.webvice.fr\\\/labellechaussure\\\/boutique\\\/\"},{\"@type\":\"ListItem\",\"position\":3,\"name\":\"Chaussure Lalabelle nocturne\"}]},{\"@type\":\"WebSite\",\"@id\":\"https:\\\/\\\/www.webvice.fr\\\/labellechaussure\\\/#website\",\"url\":\"https:\\\/\\\/www.webvice.fr\\\/labellechaussure\\\/\",\"name\":\"La belle chaussure\",\"description\":\"Chaussure \u00e0 votre pied\",\"potentialAction\":[{\"@type\":\"SearchAction\",\"target\":{\"@type\":\"EntryPoint\",\"urlTemplate\":\"https:\\\/\\\/www.webvice.fr\\\/labellechaussure\\\/?s={search_term_string}\"},\"query-input\":{\"@type\":\"PropertyValueSpecification\",\"valueRequired\":true,\"valueName\":\"search_term_string\"}}],\"inLanguage\":\"fr-FR\"}]}<\/script>\n<!-- \/ Yoast SEO plugin. -->","yoast_head_json":{"title":"Chaussure Lalabelle nocturne - La belle chaussure","robots":{"index":"index","follow":"follow","max-snippet":"max-snippet:-1","max-image-preview":"max-image-preview:large","max-video-preview":"max-video-preview:-1"},"canonical":"https:\/\/www.webvice.fr\/labellechaussure\/produit\/nocturne\/","og_locale":"fr_FR","og_type":"article","og_title":"Chaussure Lalabelle nocturne - La belle chaussure","og_description":"Chaussure \"Lalabelle\" nocturne.","og_url":"https:\/\/www.webvice.fr\/labellechaussure\/produit\/nocturne\/","og_site_name":"La belle chaussure","article_modified_time":"2025-11-06T11:04:42+00:00","og_image":[{"width":600,"height":400,"url":"https:\/\/www.webvice.fr\/labellechaussure\/wp-content\/uploads\/2025\/03\/foot-heels-shoe-girl-women.webp","type":"image\/webp"}],"twitter_card":"summary_large_image","twitter_misc":{"Dur\u00e9e de lecture estim\u00e9e":"1 minute"},"schema":{"@context":"https:\/\/schema.org","@graph":[{"@type":"WebPage","@id":"https:\/\/www.webvice.fr\/labellechaussure\/produit\/nocturne\/","url":"https:\/\/www.webvice.fr\/labellechaussure\/produit\/nocturne\/","name":"Chaussure Lalabelle nocturne - La belle chaussure","isPartOf":{"@id":"https:\/\/www.webvice.fr\/labellechaussure\/#website"},"primaryImageOfPage":{"@id":"https:\/\/www.webvice.fr\/labellechaussure\/produit\/nocturne\/#primaryimage"},"image":{"@id":"https:\/\/www.webvice.fr\/labellechaussure\/produit\/nocturne\/#primaryimage"},"thumbnailUrl":"https:\/\/www.webvice.fr\/labellechaussure\/wp-content\/uploads\/2025\/03\/foot-heels-shoe-girl-women.webp","datePublished":"2025-03-11T12:22:00+00:00","dateModified":"2025-11-06T11:04:42+00:00","breadcrumb":{"@id":"https:\/\/www.webvice.fr\/labellechaussure\/produit\/nocturne\/#breadcrumb"},"inLanguage":"fr-FR","potentialAction":[{"@type":"ReadAction","target":["https:\/\/www.webvice.fr\/labellechaussure\/produit\/nocturne\/"]}]},{"@type":"ImageObject","inLanguage":"fr-FR","@id":"https:\/\/www.webvice.fr\/labellechaussure\/produit\/nocturne\/#primaryimage","url":"https:\/\/www.webvice.fr\/labellechaussure\/wp-content\/uploads\/2025\/03\/foot-heels-shoe-girl-women.webp","contentUrl":"https:\/\/www.webvice.fr\/labellechaussure\/wp-content\/uploads\/2025\/03\/foot-heels-shoe-girl-women.webp","width":600,"height":400,"caption":"chaussure lalabelle nocturne"},{"@type":"BreadcrumbList","@id":"https:\/\/www.webvice.fr\/labellechaussure\/produit\/nocturne\/#breadcrumb","itemListElement":[{"@type":"ListItem","position":1,"name":"Accueil","item":"https:\/\/www.webvice.fr\/labellechaussure\/"},{"@type":"ListItem","position":2,"name":"Boutique","item":"https:\/\/www.webvice.fr\/labellechaussure\/boutique\/"},{"@type":"ListItem","position":3,"name":"Chaussure Lalabelle nocturne"}]},{"@type":"WebSite","@id":"https:\/\/www.webvice.fr\/labellechaussure\/#website","url":"https:\/\/www.webvice.fr\/labellechaussure\/","name":"La belle chaussure","description":"Chaussure \u00e0 votre pied","potentialAction":[{"@type":"SearchAction","target":{"@type":"EntryPoint","urlTemplate":"https:\/\/www.webvice.fr\/labellechaussure\/?s={search_term_string}"},"query-input":{"@type":"PropertyValueSpecification","valueRequired":true,"valueName":"search_term_string"}}],"inLanguage":"fr-FR"}]}},"_links":{"self":[{"href":"https:\/\/www.webvice.fr\/labellechaussure\/wp-json\/wp\/v2\/product\/191","targetHints":{"allow":["GET"]}}],"collection":[{"href":"https:\/\/www.webvice.fr\/labellechaussure\/wp-json\/wp\/v2\/product"}],"about":[{"href":"https:\/\/www.webvice.fr\/labellechaussure\/wp-json\/wp\/v2\/types\/product"}],"replies":[{"embeddable":true,"href":"https:\/\/www.webvice.fr\/labellechaussure\/wp-json\/wp\/v2\/comments?post=191"}],"wp:featuredmedia":[{"embeddable":true,"href":"https:\/\/www.webvice.fr\/labellechaussure\/wp-json\/wp\/v2\/media\/192"}],"wp:attachment":[{"href":"https:\/\/www.webvice.fr\/labellechaussure\/wp-json\/wp\/v2\/media?parent=191"}],"wp:term":[{"taxonomy":"product_brand","embeddable":true,"href":"https:\/\/www.webvice.fr\/labellechaussure\/wp-json\/wp\/v2\/product_brand?post=191"},{"taxonomy":"product_cat","embeddable":true,"href":"https:\/\/www.webvice.fr\/labellechaussure\/wp-json\/wp\/v2\/product_cat?post=191"},{"taxonomy":"product_tag","embeddable":true,"href":"https:\/\/www.webvice.fr\/labellechaussure\/wp-json\/wp\/v2\/product_tag?post=191"}],"curies":[{"name":"wp","href":"https:\/\/api.w.org\/{rel}","templated":true}]}}