{"id":67,"date":"2025-03-11T09:46:00","date_gmt":"2025-03-11T09:46:00","guid":{"rendered":"https:\/\/www.webvice.fr\/labellechaussure\/?page_id=67"},"modified":"2025-11-07T10:54:13","modified_gmt":"2025-11-07T10:54:13","slug":"a-propos","status":"publish","type":"page","link":"https:\/\/www.webvice.fr\/labellechaussure\/a-propos\/","title":{"rendered":"A propos"},"content":{"rendered":"<p>[et_pb_section fb_built=\u00a0\u00bb1&Prime; admin_label=\u00a0\u00bbAbout\u00a0\u00bb _builder_version=\u00a0\u00bb4.22.0&Prime; _module_preset=\u00a0\u00bbdefault\u00a0\u00bb background_color=\u00a0\u00bbgcid-28366106-ecf8-496b-97f0-6a9be6882356&Prime; locked=\u00a0\u00bboff\u00a0\u00bb collapsed=\u00a0\u00bbon\u00a0\u00bb global_colors_info=\u00a0\u00bb{%22gcid-28366106-ecf8-496b-97f0-6a9be6882356%22:%91%22background_color%22%93}\u00a0\u00bb][et_pb_row column_structure=\u00a0\u00bb1_2,1_2&Prime; make_equal=\u00a0\u00bbon\u00a0\u00bb _builder_version=\u00a0\u00bb4.22.0&Prime; _module_preset=\u00a0\u00bbdefault\u00a0\u00bb global_colors_info=\u00a0\u00bb{}\u00a0\u00bb][et_pb_column type=\u00a0\u00bb1_2&Prime; _builder_version=\u00a0\u00bb4.22.0&Prime; _module_preset=\u00a0\u00bbdefault\u00a0\u00bb global_colors_info=\u00a0\u00bb{}\u00a0\u00bb][et_pb_image src=\u00a0\u00bbhttps:\/\/www.webvice.fr\/labellechaussure\/wp-content\/uploads\/2025\/03\/2148933576.jpg\u00a0\u00bb alt=\u00a0\u00bbphoto escarpin violet\u00a0\u00bb title_text=\u00a0\u00bbphoto escarpin violet\u00a0\u00bb disabled_on=\u00a0\u00bboff|on|off\u00a0\u00bb _builder_version=\u00a0\u00bb4.27.4&Prime; _module_preset=\u00a0\u00bbdefault\u00a0\u00bb hover_enabled=\u00a0\u00bb0&Prime; border_radii=\u00a0\u00bbon|20px|20px|20px|20px\u00a0\u00bb global_colors_info=\u00a0\u00bb{}\u00a0\u00bb max_height_last_edited=\u00a0\u00bbon|desktop\u00a0\u00bb max_height_phone=\u00a0\u00bb350px\u00a0\u00bb align=\u00a0\u00bbcenter\u00a0\u00bb sticky_enabled=\u00a0\u00bb0&Prime; max_height_tablet=\u00a0\u00bb500px\u00a0\u00bb max_height=\u00a0\u00bb600px\u00a0\u00bb][\/et_pb_image][\/et_pb_column][et_pb_column type=\u00a0\u00bb1_2&Prime; _builder_version=\u00a0\u00bb4.22.0&Prime; _module_preset=\u00a0\u00bbdefault\u00a0\u00bb global_colors_info=\u00a0\u00bb{}\u00a0\u00bb][et_pb_text _builder_version=\u00a0\u00bb4.27.4&Prime; _module_preset=\u00a0\u00bb1dfe6367-8122-472c-af41-8db03d70fe07&Prime; header_2_text_color=\u00a0\u00bb#FFFFFF\u00a0\u00bb custom_margin=\u00a0\u00bb||10px||false|false\u00a0\u00bb hover_enabled=\u00a0\u00bb0&Prime; global_colors_info=\u00a0\u00bb{}\u00a0\u00bb header_2_font_size_phone=\u00a0\u00bb45px\u00a0\u00bb header_2_text_align=\u00a0\u00bbcenter\u00a0\u00bb header_2_font_size_last_edited=\u00a0\u00bbon|phone\u00a0\u00bb sticky_enabled=\u00a0\u00bb0&Prime; header_2_font_size_tablet=\u00a0\u00bb60px\u00a0\u00bb]<\/p>\n<h2><span style=\"color: #ff5a17;\">Notre histoire<\/span><\/h2>\n<p>[\/et_pb_text][et_pb_text _builder_version=\u00a0\u00bb4.22.0&Prime; _module_preset=\u00a0\u00bbd76deaf4-d6e4-4393-a6eb-0a42cc19abc7&Prime; text_text_color=\u00a0\u00bb#FFFFFF\u00a0\u00bb global_colors_info=\u00a0\u00bb{}\u00a0\u00bb]<\/p>\n<p data-start=\"119\" data-end=\"608\" style=\"text-align: justify;\"><span>Lalabelle est une marque de chaussures innovante, alliant confort, style et qualit\u00e9. Inspir\u00e9e par l&rsquo;\u00e9l\u00e9gance intemporelle des grandes m\u00e9tropoles et la beaut\u00e9 des tendances modernes, Lalabelle propose une collection de chaussures qui se distingue par son design raffin\u00e9 et sa fonctionnalit\u00e9 quotidienne. Nous croyons que chaque pas compte et que la chaussure parfaite ne doit pas seulement \u00eatre belle, mais aussi apporter un soutien et une sensation de bien-\u00eatre tout au long de la journ\u00e9e.<\/span><\/p>\n<p data-start=\"610\" data-end=\"929\" style=\"text-align: justify;\"><span>Chez Lalabelle, nous imaginons une mode durable et accessible, o\u00f9 chaque mod\u00e8le raconte une histoire de sophistication et de confort. Notre objectif est de r\u00e9volutionner la fa\u00e7on dont les gens per\u00e7oivent les chaussures : non seulement comme un accessoire de mode, mais comme un partenaire.<\/span><\/p>\n<p>[\/et_pb_text][et_pb_button button_url=\u00a0\u00bb\/labellechaussure\/contact\u00a0\u00bb button_text=\u00a0\u00bbNous contacter\u00a0\u00bb button_alignment=\u00a0\u00bbcenter\u00a0\u00bb _builder_version=\u00a0\u00bb4.27.4&Prime; _module_preset=\u00a0\u00bbdefault\u00a0\u00bb custom_button=\u00a0\u00bbon\u00a0\u00bb button_text_color=\u00a0\u00bb#FFFFFF\u00a0\u00bb button_bg_color=\u00a0\u00bb#ff5a17&Prime; button_border_width=\u00a0\u00bb0px\u00a0\u00bb button_border_radius=\u00a0\u00bb30px\u00a0\u00bb hover_enabled=\u00a0\u00bb0&Prime; global_colors_info=\u00a0\u00bb{}\u00a0\u00bb button_text_size_last_edited=\u00a0\u00bbon|phone\u00a0\u00bb button_text_size=\u00a0\u00bb30px\u00a0\u00bb sticky_enabled=\u00a0\u00bb0&Prime; button_text_size_phone=\u00a0\u00bb25px\u00a0\u00bb button_text_size_tablet=\u00a0\u00bb30px\u00a0\u00bb][\/et_pb_button][\/et_pb_column][\/et_pb_row][\/et_pb_section][et_pb_section fb_built=\u00a0\u00bb1&Prime; admin_label=\u00a0\u00bbHeader\u00a0\u00bb _builder_version=\u00a0\u00bb4.27.4&Prime; _module_preset=\u00a0\u00bbdefault\u00a0\u00bb background_color=\u00a0\u00bb#FFFFFF\u00a0\u00bb collapsed=\u00a0\u00bbon\u00a0\u00bb global_colors_info=\u00a0\u00bb{}\u00a0\u00bb custom_padding=\u00a0\u00bb24px|||||\u00a0\u00bb][et_pb_row column_structure=\u00a0\u00bb3_5,2_5&Prime; use_custom_gutter=\u00a0\u00bbon\u00a0\u00bb gutter_width=\u00a0\u00bb2&Prime; make_equal=\u00a0\u00bbon\u00a0\u00bb _builder_version=\u00a0\u00bb4.27.4&Prime; _module_preset=\u00a0\u00bbdefault\u00a0\u00bb global_colors_info=\u00a0\u00bb{}\u00a0\u00bb custom_padding=\u00a0\u00bb18px|||||\u00a0\u00bb][et_pb_column type=\u00a0\u00bb3_5&Prime; _builder_version=\u00a0\u00bb4.27.4&Prime; _module_preset=\u00a0\u00bbdefault\u00a0\u00bb background_color=\u00a0\u00bb#FFFFFF\u00a0\u00bb custom_padding=\u00a0\u00bb40px|40px|40px|40px|true|true\u00a0\u00bb custom_padding_tablet=\u00a0\u00bb30px|30px|30px|30px|true|true\u00a0\u00bb custom_padding_phone=\u00a0\u00bb20px|20px|20px|20px|true|true\u00a0\u00bb custom_padding_last_edited=\u00a0\u00bbon|desktop\u00a0\u00bb border_radii=\u00a0\u00bbon|20px|20px|20px|20px\u00a0\u00bb global_colors_info=\u00a0\u00bb{}\u00a0\u00bb][et_pb_text _builder_version=\u00a0\u00bb4.27.4&Prime; _module_preset=\u00a0\u00bbb1b9cea7-5c15-47f9-af62-6e8c42aacaa8&Prime; hover_enabled=\u00a0\u00bb0&Prime; global_colors_info=\u00a0\u00bb{}\u00a0\u00bb header_4_font_size=\u00a0\u00bb30px\u00a0\u00bb sticky_enabled=\u00a0\u00bb0&Prime; header_4_font_size_last_edited=\u00a0\u00bbon|desktop\u00a0\u00bb header_4_font_size_tablet=\u00a0\u00bb25px\u00a0\u00bb header_4_font_size_phone=\u00a0\u00bb25px\u00a0\u00bb]<\/p>\n<h4>Lalabelle<\/h4>\n<p>[\/et_pb_text][et_pb_text _builder_version=\u00a0\u00bb4.27.4&Prime; _module_preset=\u00a0\u00bb3cba6467-5f01-47a8-8b80-fe00ff855b15&Prime; custom_margin=\u00a0\u00bb||10px||false|false\u00a0\u00bb hover_enabled=\u00a0\u00bb0&Prime; global_colors_info=\u00a0\u00bb{}\u00a0\u00bb header_font_size_phone=\u00a0\u00bb40px\u00a0\u00bb sticky_enabled=\u00a0\u00bb0&Prime; header_font_size_tablet=\u00a0\u00bb60px\u00a0\u00bb]<\/p>\n<h1>C&rsquo;est quoi ?<\/h1>\n<p>[\/et_pb_text][et_pb_text _builder_version=\u00a0\u00bb4.22.0&Prime; _module_preset=\u00a0\u00bbd76deaf4-d6e4-4393-a6eb-0a42cc19abc7&Prime; global_colors_info=\u00a0\u00bb{}\u00a0\u00bb]<\/p>\n<p style=\"text-align: justify;\">Lalabelle est une marque de chaussures alliant \u00e9l\u00e9gance et confort. Avec des designs raffin\u00e9s et des mat\u00e9riaux de qualit\u00e9, elle propose des mod\u00e8les intemporels adapt\u00e9s \u00e0 toutes les occasions. Lalabelle est l&rsquo;expression d&rsquo;un style moderne et d&rsquo;une passion pour la mode durable.<\/p>\n<p>[\/et_pb_text][et_pb_button button_url=\u00a0\u00bb\/labellechaussure\/boutique\u00a0\u00bb button_text=\u00a0\u00bbLa boutique\u00a0\u00bb button_alignment=\u00a0\u00bbcenter\u00a0\u00bb _builder_version=\u00a0\u00bb4.27.4&Prime; _module_preset=\u00a0\u00bb2818c566-d3d6-421d-afe5-953facd3558b\u00a0\u00bb hover_enabled=\u00a0\u00bb0&Prime; global_colors_info=\u00a0\u00bb{}\u00a0\u00bb button_text_size_last_edited=\u00a0\u00bbon|desktop\u00a0\u00bb button_text_size_phone=\u00a0\u00bb17px\u00a0\u00bb sticky_enabled=\u00a0\u00bb0&Prime; button_text_size_tablet=\u00a0\u00bb25px\u00a0\u00bb button_text_size=\u00a0\u00bb25px\u00a0\u00bb transform_styles__hover_enabled=\u00a0\u00bbon|hover\u00a0\u00bb transform_scale__hover_enabled=\u00a0\u00bbon|hover\u00a0\u00bb transform_translate__hover_enabled=\u00a0\u00bbon|desktop\u00a0\u00bb transform_rotate__hover_enabled=\u00a0\u00bbon|desktop\u00a0\u00bb transform_skew__hover_enabled=\u00a0\u00bbon|desktop\u00a0\u00bb transform_origin__hover_enabled=\u00a0\u00bbon|desktop\u00a0\u00bb transform_scale__hover=\u00a0\u00bb110%|110%\u00a0\u00bb][\/et_pb_button][\/et_pb_column][et_pb_column type=\u00a0\u00bb2_5&Prime; _builder_version=\u00a0\u00bb4.27.4&Prime; _module_preset=\u00a0\u00bbdefault\u00a0\u00bb background_image=\u00a0\u00bbhttps:\/\/www.webvice.fr\/labellechaussure\/wp-content\/uploads\/2025\/03\/829.jpg\u00a0\u00bb border_radii=\u00a0\u00bbon|20px|20px|20px|20px\u00a0\u00bb global_colors_info=\u00a0\u00bb{}\u00a0\u00bb][et_pb_divider show_divider=\u00a0\u00bboff\u00a0\u00bb _builder_version=\u00a0\u00bb4.22.0&Prime; _module_preset=\u00a0\u00bbdefault\u00a0\u00bb height_tablet=\u00a0\u00bb40vw\u00a0\u00bb height_phone=\u00a0\u00bb40vw\u00a0\u00bb height_last_edited=\u00a0\u00bbon|desktop\u00a0\u00bb locked=\u00a0\u00bboff\u00a0\u00bb global_colors_info=\u00a0\u00bb{}\u00a0\u00bb][\/et_pb_divider][\/et_pb_column][\/et_pb_row][\/et_pb_section]<\/p>\n","protected":false},"excerpt":{"rendered":"<p>Notre histoireLalabelle est une marque de chaussures innovante, alliant confort, style et qualit\u00e9. Inspir\u00e9e par l&rsquo;\u00e9l\u00e9gance intemporelle des grandes m\u00e9tropoles et la beaut\u00e9 des tendances modernes, Lalabelle propose une collection de chaussures qui se distingue par son design raffin\u00e9 et sa fonctionnalit\u00e9 quotidienne. Nous croyons que chaque pas compte et que la chaussure parfaite ne [&hellip;]<\/p>\n","protected":false},"author":1,"featured_media":0,"parent":0,"menu_order":0,"comment_status":"closed","ping_status":"closed","template":"","meta":{"_et_pb_use_builder":"on","_et_pb_old_content":"","_et_gb_content_width":"","footnotes":""},"class_list":["post-67","page","type-page","status-publish","hentry"],"yoast_head":"<!-- This site is optimized with the Yoast SEO plugin v27.4 - https:\/\/yoast.com\/product\/yoast-seo-wordpress\/ -->\n<title>A propos - La belle chaussure<\/title>\n<meta name=\"robots\" content=\"noindex, nofollow\" \/>\n<meta property=\"og:locale\" content=\"fr_FR\" \/>\n<meta property=\"og:type\" content=\"article\" \/>\n<meta property=\"og:title\" content=\"A propos - La belle chaussure\" \/>\n<meta property=\"og:description\" content=\"Notre histoireLalabelle est une marque de chaussures innovante, alliant confort, style et qualit\u00e9. Inspir\u00e9e par l&#039;\u00e9l\u00e9gance intemporelle des grandes m\u00e9tropoles et la beaut\u00e9 des tendances modernes, Lalabelle propose une collection de chaussures qui se distingue par son design raffin\u00e9 et sa fonctionnalit\u00e9 quotidienne. Nous croyons que chaque pas compte et que la chaussure parfaite ne [&hellip;]\" \/>\n<meta property=\"og:url\" content=\"https:\/\/www.webvice.fr\/labellechaussure\/a-propos\/\" \/>\n<meta property=\"og:site_name\" content=\"La belle chaussure\" \/>\n<meta property=\"article:modified_time\" content=\"2025-11-07T10:54:13+00:00\" \/>\n<meta name=\"twitter:card\" content=\"summary_large_image\" \/>\n<meta name=\"twitter:label1\" content=\"Dur\u00e9e de lecture estim\u00e9e\" \/>\n\t<meta name=\"twitter:data1\" content=\"2 minutes\" \/>\n<script type=\"application\/ld+json\" class=\"yoast-schema-graph\">{\"@context\":\"https:\\\/\\\/schema.org\",\"@graph\":[{\"@type\":\"WebPage\",\"@id\":\"https:\\\/\\\/www.webvice.fr\\\/labellechaussure\\\/a-propos\\\/\",\"url\":\"https:\\\/\\\/www.webvice.fr\\\/labellechaussure\\\/a-propos\\\/\",\"name\":\"A propos - La belle chaussure\",\"isPartOf\":{\"@id\":\"https:\\\/\\\/www.webvice.fr\\\/labellechaussure\\\/#website\"},\"datePublished\":\"2025-03-11T09:46:00+00:00\",\"dateModified\":\"2025-11-07T10:54:13+00:00\",\"breadcrumb\":{\"@id\":\"https:\\\/\\\/www.webvice.fr\\\/labellechaussure\\\/a-propos\\\/#breadcrumb\"},\"inLanguage\":\"fr-FR\",\"potentialAction\":[{\"@type\":\"ReadAction\",\"target\":[\"https:\\\/\\\/www.webvice.fr\\\/labellechaussure\\\/a-propos\\\/\"]}]},{\"@type\":\"BreadcrumbList\",\"@id\":\"https:\\\/\\\/www.webvice.fr\\\/labellechaussure\\\/a-propos\\\/#breadcrumb\",\"itemListElement\":[{\"@type\":\"ListItem\",\"position\":1,\"name\":\"Accueil\",\"item\":\"https:\\\/\\\/www.webvice.fr\\\/labellechaussure\\\/\"},{\"@type\":\"ListItem\",\"position\":2,\"name\":\"A propos\"}]},{\"@type\":\"WebSite\",\"@id\":\"https:\\\/\\\/www.webvice.fr\\\/labellechaussure\\\/#website\",\"url\":\"https:\\\/\\\/www.webvice.fr\\\/labellechaussure\\\/\",\"name\":\"La belle chaussure\",\"description\":\"Chaussure \u00e0 votre pied\",\"potentialAction\":[{\"@type\":\"SearchAction\",\"target\":{\"@type\":\"EntryPoint\",\"urlTemplate\":\"https:\\\/\\\/www.webvice.fr\\\/labellechaussure\\\/?s={search_term_string}\"},\"query-input\":{\"@type\":\"PropertyValueSpecification\",\"valueRequired\":true,\"valueName\":\"search_term_string\"}}],\"inLanguage\":\"fr-FR\"}]}<\/script>\n<!-- \/ Yoast SEO plugin. -->","yoast_head_json":{"title":"A propos - La belle chaussure","robots":{"index":"noindex","follow":"nofollow"},"og_locale":"fr_FR","og_type":"article","og_title":"A propos - La belle chaussure","og_description":"Notre histoireLalabelle est une marque de chaussures innovante, alliant confort, style et qualit\u00e9. Inspir\u00e9e par l'\u00e9l\u00e9gance intemporelle des grandes m\u00e9tropoles et la beaut\u00e9 des tendances modernes, Lalabelle propose une collection de chaussures qui se distingue par son design raffin\u00e9 et sa fonctionnalit\u00e9 quotidienne. Nous croyons que chaque pas compte et que la chaussure parfaite ne [&hellip;]","og_url":"https:\/\/www.webvice.fr\/labellechaussure\/a-propos\/","og_site_name":"La belle chaussure","article_modified_time":"2025-11-07T10:54:13+00:00","twitter_card":"summary_large_image","twitter_misc":{"Dur\u00e9e de lecture estim\u00e9e":"2 minutes"},"schema":{"@context":"https:\/\/schema.org","@graph":[{"@type":"WebPage","@id":"https:\/\/www.webvice.fr\/labellechaussure\/a-propos\/","url":"https:\/\/www.webvice.fr\/labellechaussure\/a-propos\/","name":"A propos - La belle chaussure","isPartOf":{"@id":"https:\/\/www.webvice.fr\/labellechaussure\/#website"},"datePublished":"2025-03-11T09:46:00+00:00","dateModified":"2025-11-07T10:54:13+00:00","breadcrumb":{"@id":"https:\/\/www.webvice.fr\/labellechaussure\/a-propos\/#breadcrumb"},"inLanguage":"fr-FR","potentialAction":[{"@type":"ReadAction","target":["https:\/\/www.webvice.fr\/labellechaussure\/a-propos\/"]}]},{"@type":"BreadcrumbList","@id":"https:\/\/www.webvice.fr\/labellechaussure\/a-propos\/#breadcrumb","itemListElement":[{"@type":"ListItem","position":1,"name":"Accueil","item":"https:\/\/www.webvice.fr\/labellechaussure\/"},{"@type":"ListItem","position":2,"name":"A propos"}]},{"@type":"WebSite","@id":"https:\/\/www.webvice.fr\/labellechaussure\/#website","url":"https:\/\/www.webvice.fr\/labellechaussure\/","name":"La belle chaussure","description":"Chaussure \u00e0 votre pied","potentialAction":[{"@type":"SearchAction","target":{"@type":"EntryPoint","urlTemplate":"https:\/\/www.webvice.fr\/labellechaussure\/?s={search_term_string}"},"query-input":{"@type":"PropertyValueSpecification","valueRequired":true,"valueName":"search_term_string"}}],"inLanguage":"fr-FR"}]}},"_links":{"self":[{"href":"https:\/\/www.webvice.fr\/labellechaussure\/wp-json\/wp\/v2\/pages\/67","targetHints":{"allow":["GET"]}}],"collection":[{"href":"https:\/\/www.webvice.fr\/labellechaussure\/wp-json\/wp\/v2\/pages"}],"about":[{"href":"https:\/\/www.webvice.fr\/labellechaussure\/wp-json\/wp\/v2\/types\/page"}],"author":[{"embeddable":true,"href":"https:\/\/www.webvice.fr\/labellechaussure\/wp-json\/wp\/v2\/users\/1"}],"replies":[{"embeddable":true,"href":"https:\/\/www.webvice.fr\/labellechaussure\/wp-json\/wp\/v2\/comments?post=67"}],"version-history":[{"count":30,"href":"https:\/\/www.webvice.fr\/labellechaussure\/wp-json\/wp\/v2\/pages\/67\/revisions"}],"predecessor-version":[{"id":444,"href":"https:\/\/www.webvice.fr\/labellechaussure\/wp-json\/wp\/v2\/pages\/67\/revisions\/444"}],"wp:attachment":[{"href":"https:\/\/www.webvice.fr\/labellechaussure\/wp-json\/wp\/v2\/media?parent=67"}],"curies":[{"name":"wp","href":"https:\/\/api.w.org\/{rel}","templated":true}]}}