{"id":206,"date":"2025-09-09T10:03:54","date_gmt":"2025-09-09T10:03:54","guid":{"rendered":"http:\/\/douces-merveilles.local\/?page_id=206"},"modified":"2025-10-29T10:09:13","modified_gmt":"2025-10-29T10:09:13","slug":"conditions-generales-de-vente","status":"publish","type":"page","link":"https:\/\/www.webvice.fr\/douces-merveilles\/conditions-generales-de-vente\/","title":{"rendered":"Conditions g\u00e9n\u00e9rales de vente"},"content":{"rendered":"\n[et_pb_section fb_built=\u00a0\u00bb1&Prime; _builder_version=\u00a0\u00bb4.27.4&Prime; _module_preset=\u00a0\u00bbdefault\u00a0\u00bb global_colors_info=\u00a0\u00bb{}\u00a0\u00bb theme_builder_area=\u00a0\u00bbpost_content\u00a0\u00bb][et_pb_row _builder_version=\u00a0\u00bb4.27.4&Prime; _module_preset=\u00a0\u00bbdefault\u00a0\u00bb global_colors_info=\u00a0\u00bb{}\u00a0\u00bb theme_builder_area=\u00a0\u00bbpost_content\u00a0\u00bb][et_pb_column type=\u00a0\u00bb4_4&Prime; _builder_version=\u00a0\u00bb4.27.4&Prime; _module_preset=\u00a0\u00bbdefault\u00a0\u00bb global_colors_info=\u00a0\u00bb{}\u00a0\u00bb theme_builder_area=\u00a0\u00bbpost_content\u00a0\u00bb][et_pb_text _builder_version=\u00a0\u00bb4.27.4&Prime; _module_preset=\u00a0\u00bbdefault\u00a0\u00bb text_font_size=\u00a0\u00bb40px\u00a0\u00bb min_height=\u00a0\u00bb33.8px\u00a0\u00bb custom_padding=\u00a0\u00bb||0px|||\u00a0\u00bb hover_enabled=\u00a0\u00bb0&Prime; text_font_size_tablet=\u00a0\u00bb40px\u00a0\u00bb text_font_size_phone=\u00a0\u00bb30px\u00a0\u00bb text_font_size_last_edited=\u00a0\u00bbon|phone\u00a0\u00bb global_colors_info=\u00a0\u00bb{}\u00a0\u00bb theme_builder_area=\u00a0\u00bbpost_content\u00a0\u00bb sticky_enabled=\u00a0\u00bb0&Prime;]<p><span style=\"color: #000000;\"><strong>Conditions g\u00e9n\u00e9rales de vente<\/strong><\/span><\/p>[\/et_pb_text][\/et_pb_column][\/et_pb_row][\/et_pb_section]\n","protected":false},"excerpt":{"rendered":"<p>Conditions g\u00e9n\u00e9rales de vente<\/p>\n","protected":false},"author":1,"featured_media":0,"parent":0,"menu_order":0,"comment_status":"closed","ping_status":"closed","template":"","meta":{"_et_pb_use_builder":"on","_et_pb_old_content":"","_et_gb_content_width":"","footnotes":""},"class_list":["post-206","page","type-page","status-publish","hentry"],"yoast_head":"<!-- This site is optimized with the Yoast SEO plugin v27.5 - https:\/\/yoast.com\/product\/yoast-seo-wordpress\/ -->\n<title>Conditions g\u00e9n\u00e9rales de vente - Douces Merveilles<\/title>\n<meta name=\"robots\" content=\"noindex, nofollow\" \/>\n<meta property=\"og:locale\" content=\"fr_FR\" \/>\n<meta property=\"og:type\" content=\"article\" \/>\n<meta property=\"og:title\" content=\"Conditions g\u00e9n\u00e9rales de vente - Douces Merveilles\" \/>\n<meta property=\"og:description\" content=\"Conditions g\u00e9n\u00e9rales de vente\" \/>\n<meta property=\"og:url\" content=\"https:\/\/www.webvice.fr\/douces-merveilles\/conditions-generales-de-vente\/\" \/>\n<meta property=\"og:site_name\" content=\"Douces Merveilles\" \/>\n<meta property=\"article:modified_time\" content=\"2025-10-29T10:09:13+00:00\" \/>\n<meta name=\"twitter:card\" content=\"summary_large_image\" \/>\n<meta name=\"twitter:label1\" content=\"Dur\u00e9e de lecture estim\u00e9e\" \/>\n\t<meta name=\"twitter:data1\" content=\"1 minute\" \/>\n<script type=\"application\/ld+json\" class=\"yoast-schema-graph\">{\"@context\":\"https:\\\/\\\/schema.org\",\"@graph\":[{\"@type\":\"WebPage\",\"@id\":\"https:\\\/\\\/www.webvice.fr\\\/douces-merveilles\\\/conditions-generales-de-vente\\\/\",\"url\":\"https:\\\/\\\/www.webvice.fr\\\/douces-merveilles\\\/conditions-generales-de-vente\\\/\",\"name\":\"Conditions g\u00e9n\u00e9rales de vente - Douces Merveilles\",\"isPartOf\":{\"@id\":\"https:\\\/\\\/www.webvice.fr\\\/douces-merveilles\\\/#website\"},\"datePublished\":\"2025-09-09T10:03:54+00:00\",\"dateModified\":\"2025-10-29T10:09:13+00:00\",\"breadcrumb\":{\"@id\":\"https:\\\/\\\/www.webvice.fr\\\/douces-merveilles\\\/conditions-generales-de-vente\\\/#breadcrumb\"},\"inLanguage\":\"fr-FR\",\"potentialAction\":[{\"@type\":\"ReadAction\",\"target\":[\"https:\\\/\\\/www.webvice.fr\\\/douces-merveilles\\\/conditions-generales-de-vente\\\/\"]}]},{\"@type\":\"BreadcrumbList\",\"@id\":\"https:\\\/\\\/www.webvice.fr\\\/douces-merveilles\\\/conditions-generales-de-vente\\\/#breadcrumb\",\"itemListElement\":[{\"@type\":\"ListItem\",\"position\":1,\"name\":\"Accueil\",\"item\":\"https:\\\/\\\/www.webvice.fr\\\/douces-merveilles\\\/\"},{\"@type\":\"ListItem\",\"position\":2,\"name\":\"Conditions g\u00e9n\u00e9rales de vente\"}]},{\"@type\":\"WebSite\",\"@id\":\"https:\\\/\\\/www.webvice.fr\\\/douces-merveilles\\\/#website\",\"url\":\"https:\\\/\\\/www.webvice.fr\\\/douces-merveilles\\\/\",\"name\":\"Douces Merveilles\",\"description\":\"\",\"potentialAction\":[{\"@type\":\"SearchAction\",\"target\":{\"@type\":\"EntryPoint\",\"urlTemplate\":\"https:\\\/\\\/www.webvice.fr\\\/douces-merveilles\\\/?s={search_term_string}\"},\"query-input\":{\"@type\":\"PropertyValueSpecification\",\"valueRequired\":true,\"valueName\":\"search_term_string\"}}],\"inLanguage\":\"fr-FR\"}]}<\/script>\n<!-- \/ Yoast SEO plugin. -->","yoast_head_json":{"title":"Conditions g\u00e9n\u00e9rales de vente - Douces Merveilles","robots":{"index":"noindex","follow":"nofollow"},"og_locale":"fr_FR","og_type":"article","og_title":"Conditions g\u00e9n\u00e9rales de vente - Douces Merveilles","og_description":"Conditions g\u00e9n\u00e9rales de vente","og_url":"https:\/\/www.webvice.fr\/douces-merveilles\/conditions-generales-de-vente\/","og_site_name":"Douces Merveilles","article_modified_time":"2025-10-29T10:09:13+00:00","twitter_card":"summary_large_image","twitter_misc":{"Dur\u00e9e de lecture estim\u00e9e":"1 minute"},"schema":{"@context":"https:\/\/schema.org","@graph":[{"@type":"WebPage","@id":"https:\/\/www.webvice.fr\/douces-merveilles\/conditions-generales-de-vente\/","url":"https:\/\/www.webvice.fr\/douces-merveilles\/conditions-generales-de-vente\/","name":"Conditions g\u00e9n\u00e9rales de vente - Douces Merveilles","isPartOf":{"@id":"https:\/\/www.webvice.fr\/douces-merveilles\/#website"},"datePublished":"2025-09-09T10:03:54+00:00","dateModified":"2025-10-29T10:09:13+00:00","breadcrumb":{"@id":"https:\/\/www.webvice.fr\/douces-merveilles\/conditions-generales-de-vente\/#breadcrumb"},"inLanguage":"fr-FR","potentialAction":[{"@type":"ReadAction","target":["https:\/\/www.webvice.fr\/douces-merveilles\/conditions-generales-de-vente\/"]}]},{"@type":"BreadcrumbList","@id":"https:\/\/www.webvice.fr\/douces-merveilles\/conditions-generales-de-vente\/#breadcrumb","itemListElement":[{"@type":"ListItem","position":1,"name":"Accueil","item":"https:\/\/www.webvice.fr\/douces-merveilles\/"},{"@type":"ListItem","position":2,"name":"Conditions g\u00e9n\u00e9rales de vente"}]},{"@type":"WebSite","@id":"https:\/\/www.webvice.fr\/douces-merveilles\/#website","url":"https:\/\/www.webvice.fr\/douces-merveilles\/","name":"Douces Merveilles","description":"","potentialAction":[{"@type":"SearchAction","target":{"@type":"EntryPoint","urlTemplate":"https:\/\/www.webvice.fr\/douces-merveilles\/?s={search_term_string}"},"query-input":{"@type":"PropertyValueSpecification","valueRequired":true,"valueName":"search_term_string"}}],"inLanguage":"fr-FR"}]}},"_links":{"self":[{"href":"https:\/\/www.webvice.fr\/douces-merveilles\/wp-json\/wp\/v2\/pages\/206","targetHints":{"allow":["GET"]}}],"collection":[{"href":"https:\/\/www.webvice.fr\/douces-merveilles\/wp-json\/wp\/v2\/pages"}],"about":[{"href":"https:\/\/www.webvice.fr\/douces-merveilles\/wp-json\/wp\/v2\/types\/page"}],"author":[{"embeddable":true,"href":"https:\/\/www.webvice.fr\/douces-merveilles\/wp-json\/wp\/v2\/users\/1"}],"replies":[{"embeddable":true,"href":"https:\/\/www.webvice.fr\/douces-merveilles\/wp-json\/wp\/v2\/comments?post=206"}],"version-history":[{"count":4,"href":"https:\/\/www.webvice.fr\/douces-merveilles\/wp-json\/wp\/v2\/pages\/206\/revisions"}],"predecessor-version":[{"id":653,"href":"https:\/\/www.webvice.fr\/douces-merveilles\/wp-json\/wp\/v2\/pages\/206\/revisions\/653"}],"wp:attachment":[{"href":"https:\/\/www.webvice.fr\/douces-merveilles\/wp-json\/wp\/v2\/media?parent=206"}],"curies":[{"name":"wp","href":"https:\/\/api.w.org\/{rel}","templated":true}]}}