{"id":223,"date":"2025-06-17T14:01:36","date_gmt":"2025-06-17T14:01:36","guid":{"rendered":"http:\/\/arnaud-consulting.local\/?page_id=223"},"modified":"2025-06-19T15:07:13","modified_gmt":"2025-06-19T15:07:13","slug":"a-propos","status":"publish","type":"page","link":"https:\/\/www.webvice.fr\/arnaud-consulting\/a-propos\/","title":{"rendered":"A propos"},"content":{"rendered":"\n[et_pb_section fb_built=\u00a0\u00bb1&Prime; fullwidth=\u00a0\u00bbon\u00a0\u00bb admin_label=\u00a0\u00bbHeader\u00a0\u00bb _builder_version=\u00a0\u00bb4.16&Prime; background_enable_color=\u00a0\u00bboff\u00a0\u00bb background_image=\u00a0\u00bbhttps:\/\/www.webvice.fr\/arnaud-consulting\/wp-content\/uploads\/2025\/06\/venture_15.jpg\u00a0\u00bb parallax=\u00a0\u00bbon\u00a0\u00bb custom_padding=\u00a0\u00bb0px|0|0px|0px|false|false\u00a0\u00bb global_colors_info=\u00a0\u00bb{}\u00a0\u00bb][et_pb_fullwidth_header title=\u00a0\u00bbMon histoire\u00a0\u00bb text_orientation=\u00a0\u00bbcenter\u00a0\u00bb content_max_width=\u00a0\u00bb99%\u00a0\u00bb admin_label=\u00a0\u00bbFullwidth Header\u00a0\u00bb module_class=\u00a0\u00bbhero-banner\u00a0\u00bb _builder_version=\u00a0\u00bb4.27.4&Prime; title_font=\u00a0\u00bbMerriweather||||||||\u00a0\u00bb title_text_align=\u00a0\u00bbcenter\u00a0\u00bb title_font_size=\u00a0\u00bb80px\u00a0\u00bb title_line_height=\u00a0\u00bb1.4em\u00a0\u00bb content_font=\u00a0\u00bbOpen Sans||||||||\u00a0\u00bb content_text_align=\u00a0\u00bbcenter\u00a0\u00bb content_font_size=\u00a0\u00bb18px\u00a0\u00bb content_line_height=\u00a0\u00bb1.8em\u00a0\u00bb background_color=\u00a0\u00bbrgba(0,0,0,0)\u00a0\u00bb use_background_color_gradient=\u00a0\u00bbon\u00a0\u00bb background_color_gradient_direction=\u00a0\u00bb140deg\u00a0\u00bb background_color_gradient_stops=\u00a0\u00bbrgba(0,0,0,0.9) 0%|rgba(80,103,147,0.5) 100%\u00a0\u00bb background_color_gradient_start=\u00a0\u00bbrgba(0,0,0,0.9)\u00a0\u00bb background_color_gradient_end=\u00a0\u00bbrgba(80,103,147,0.5)\u00a0\u00bb background_image=\u00a0\u00bbhttps:\/\/www.webvice.fr\/arnaud-consulting\/wp-content\/uploads\/2025\/05\/venture_02.png\u00a0\u00bb custom_button_one=\u00a0\u00bbon\u00a0\u00bb button_one_text_size=\u00a0\u00bb14px\u00a0\u00bb button_one_bg_color=\u00a0\u00bb#ff6d29&Prime; button_one_border_color=\u00a0\u00bbrgba(0,0,0,0)\u00a0\u00bb button_one_border_radius=\u00a0\u00bb0px\u00a0\u00bb button_one_letter_spacing=\u00a0\u00bb1px\u00a0\u00bb button_one_font=\u00a0\u00bb|700||on|||||\u00a0\u00bb button_one_custom_padding=\u00a0\u00bb16px|28px|16px|28px|true|true\u00a0\u00bb custom_button_two=\u00a0\u00bbon\u00a0\u00bb button_two_text_size=\u00a0\u00bb14px\u00a0\u00bb button_two_border_width=\u00a0\u00bb2px\u00a0\u00bb button_two_border_radius=\u00a0\u00bb0px\u00a0\u00bb button_two_letter_spacing=\u00a0\u00bb1px\u00a0\u00bb button_two_font=\u00a0\u00bb|700||on|||||\u00a0\u00bb button_two_custom_padding=\u00a0\u00bb16px|28px|16px|28px|true|true\u00a0\u00bb width=\u00a0\u00bb100%\u00a0\u00bb max_width=\u00a0\u00bb100%\u00a0\u00bb custom_margin=\u00a0\u00bb|||\u00a0\u00bb custom_padding=\u00a0\u00bb10vw||10vw||true\u00a0\u00bb custom_padding_tablet=\u00a0\u00bb||||false|false\u00a0\u00bb custom_padding_phone=\u00a0\u00bb|||\u00a0\u00bb custom_padding_last_edited=\u00a0\u00bboff|phone\u00a0\u00bb title_font_size_tablet=\u00a0\u00bb54px\u00a0\u00bb title_font_size_phone=\u00a0\u00bb34px\u00a0\u00bb title_font_size_last_edited=\u00a0\u00bbon|phone\u00a0\u00bb content_font_size_tablet=\u00a0\u00bb\u00a0\u00bb content_font_size_phone=\u00a0\u00bb16px\u00a0\u00bb content_font_size_last_edited=\u00a0\u00bbon|phone\u00a0\u00bb custom_css_header_container=\u00a0\u00bbmax-width: 1080px;||width: 100%;\u00a0\u00bb button_one_border_color_hover=\u00a0\u00bb#ff8a3d\u00a0\u00bb button_one_border_radius_hover=\u00a0\u00bb100px\u00a0\u00bb button_one_letter_spacing_hover=\u00a0\u00bb5px\u00a0\u00bb button_one_bg_color_hover=\u00a0\u00bb#ff8a3d\u00a0\u00bb global_colors_info=\u00a0\u00bb{}\u00a0\u00bb button_one_text_size__hover_enabled=\u00a0\u00bboff\u00a0\u00bb button_two_text_size__hover_enabled=\u00a0\u00bboff\u00a0\u00bb button_one_text_color__hover_enabled=\u00a0\u00bboff\u00a0\u00bb button_two_text_color__hover_enabled=\u00a0\u00bboff\u00a0\u00bb button_one_border_width__hover_enabled=\u00a0\u00bboff\u00a0\u00bb button_two_border_width__hover_enabled=\u00a0\u00bboff\u00a0\u00bb button_one_border_color__hover_enabled=\u00a0\u00bboff\u00a0\u00bb button_one_border_color__hover=\u00a0\u00bb#ff8a3d\u00a0\u00bb button_two_border_color__hover_enabled=\u00a0\u00bboff\u00a0\u00bb button_one_border_radius__hover_enabled=\u00a0\u00bboff\u00a0\u00bb button_one_border_radius__hover=\u00a0\u00bb100px\u00a0\u00bb button_two_border_radius__hover_enabled=\u00a0\u00bboff\u00a0\u00bb button_one_letter_spacing__hover_enabled=\u00a0\u00bboff\u00a0\u00bb button_one_letter_spacing__hover=\u00a0\u00bb5px\u00a0\u00bb button_two_letter_spacing__hover_enabled=\u00a0\u00bboff\u00a0\u00bb button_one_bg_color__hover_enabled=\u00a0\u00bboff\u00a0\u00bb button_one_bg_color__hover=\u00a0\u00bb#ff8a3d\u00a0\u00bb button_two_bg_color__hover_enabled=\u00a0\u00bboff\u00a0\u00bb][\/et_pb_fullwidth_header][\/et_pb_section][et_pb_section fb_built=\u00a0\u00bb1&Prime; admin_label=\u00a0\u00bbAbout\u00a0\u00bb _builder_version=\u00a0\u00bb4.16&Prime; background_color=\u00a0\u00bbrgba(0,0,0,0)\u00a0\u00bb global_colors_info=\u00a0\u00bb{}\u00a0\u00bb][et_pb_row column_structure=\u00a0\u00bb1_2,1_2&Prime; custom_padding_last_edited=\u00a0\u00bbon|desktop\u00a0\u00bb _builder_version=\u00a0\u00bb4.27.4&Prime; background_color=\u00a0\u00bb#ffffff\u00a0\u00bb custom_margin=\u00a0\u00bb0vw|auto||auto|false|false\u00a0\u00bb custom_margin_tablet=\u00a0\u00bb-15vw||||false|false\u00a0\u00bb custom_margin_phone=\u00a0\u00bb\u00a0\u00bb custom_margin_last_edited=\u00a0\u00bbon|desktop\u00a0\u00bb custom_padding_tablet=\u00a0\u00bb\u00a0\u00bb custom_padding_phone=\u00a0\u00bb\u00a0\u00bb box_shadow_style=\u00a0\u00bbpreset3&Prime; box_shadow_horizontal=\u00a0\u00bb13px\u00a0\u00bb box_shadow_vertical=\u00a0\u00bb38px\u00a0\u00bb box_shadow_blur=\u00a0\u00bb50px\u00a0\u00bb box_shadow_spread=\u00a0\u00bb0px\u00a0\u00bb box_shadow_color=\u00a0\u00bbrgba(133,143,175,0.2)\u00a0\u00bb global_colors_info=\u00a0\u00bb{}\u00a0\u00bb custom_margin__hover_enabled=\u00a0\u00bboff\u00a0\u00bb][et_pb_column type=\u00a0\u00bb1_2&Prime; _builder_version=\u00a0\u00bb4.16&Prime; custom_padding=\u00a0\u00bb60px||60px|60px|true|false\u00a0\u00bb custom_padding_tablet=\u00a0\u00bb|60px|||true|false\u00a0\u00bb custom_padding_phone=\u00a0\u00bb|30px||30px|true|false\u00a0\u00bb custom_padding_last_edited=\u00a0\u00bbon|phone\u00a0\u00bb global_colors_info=\u00a0\u00bb{}\u00a0\u00bb][et_pb_text _builder_version=\u00a0\u00bb4.16&Prime; text_font=\u00a0\u00bb||||||||\u00a0\u00bb text_font_size=\u00a0\u00bb16px\u00a0\u00bb text_line_height=\u00a0\u00bb2em\u00a0\u00bb max_width=\u00a0\u00bb800px\u00a0\u00bb text_font_size_tablet=\u00a0\u00bb\u00a0\u00bb text_font_size_phone=\u00a0\u00bb14px\u00a0\u00bb text_font_size_last_edited=\u00a0\u00bbon|desktop\u00a0\u00bb text_line_height_tablet=\u00a0\u00bb\u00a0\u00bb text_line_height_phone=\u00a0\u00bb1.6em\u00a0\u00bb text_line_height_last_edited=\u00a0\u00bbon|desktop\u00a0\u00bb locked=\u00a0\u00bboff\u00a0\u00bb global_colors_info=\u00a0\u00bb{}\u00a0\u00bb]<p data-start=\"131\" data-end=\"456\" style=\"text-align: justify;\">Je m&rsquo;appelle <span style=\"color: #0c71c3;\"><strong data-start=\"144\" data-end=\"161\">Arnaud Dupuis<\/strong><\/span>, fondateur d&rsquo;<strong data-start=\"175\" data-end=\"196\">Arnaud <span style=\"color: #0c71c3;\">C<\/span>onsulting<\/strong>.<br data-start=\"197\" data-end=\"200\" \/>Avec plus de 10 ans d\u2019exp\u00e9rience dans le conseil aux entreprises, j\u2019ai accompagn\u00e9 de nombreux dirigeants, ind\u00e9pendants et porteurs de projets dans leurs enjeux strat\u00e9giques : organisation, d\u00e9veloppement, repositionnement, ou encore transformation digitale.<\/p>\n<p data-start=\"458\" data-end=\"725\" style=\"text-align: justify;\">Ce que je propose, ce n\u2019est pas du conseil d\u00e9connect\u00e9 de la r\u00e9alit\u00e9, mais un accompagnement clair, humain et orient\u00e9 r\u00e9sultats.<br data-start=\"585\" data-end=\"588\" \/>Chez Arnaud Consulting, chaque mission commence par une \u00e9coute attentive et aboutit \u00e0 des solutions concr\u00e8tes, adapt\u00e9es \u00e0 votre contexte.<\/p>\n<p data-start=\"727\" data-end=\"828\" style=\"text-align: justify;\"><strong data-start=\"727\" data-end=\"828\">Mon objectif : vous aider \u00e0 voir plus clair, d\u00e9cider plus sereinement, et avancer avec confiance.<\/strong><\/p>[\/et_pb_text][\/et_pb_column][et_pb_column type=\u00a0\u00bb1_2&Prime; _builder_version=\u00a0\u00bb4.16&Prime; custom_padding=\u00a0\u00bb60px|60px|60px||true|false\u00a0\u00bb custom_padding_tablet=\u00a0\u00bb0px||0px|60px|false|false\u00a0\u00bb custom_padding_phone=\u00a0\u00bb|30px||30px|false|false\u00a0\u00bb custom_padding_last_edited=\u00a0\u00bbon|desktop\u00a0\u00bb global_colors_info=\u00a0\u00bb{}\u00a0\u00bb][et_pb_image src=\u00a0\u00bbhttps:\/\/www.webvice.fr\/arnaud-consulting\/wp-content\/uploads\/2025\/06\/2150969905.jpg\u00a0\u00bb title_text=\u00a0\u00bb2150969905&Prime; _builder_version=\u00a0\u00bb4.27.4&Prime; _module_preset=\u00a0\u00bbdefault\u00a0\u00bb global_colors_info=\u00a0\u00bb{}\u00a0\u00bb][\/et_pb_image][et_pb_button button_text=\u00a0\u00bbDes questions ?\u00a0\u00bb button_alignment=\u00a0\u00bbcenter\u00a0\u00bb _builder_version=\u00a0\u00bb4.27.4&Prime; _module_preset=\u00a0\u00bbdefault\u00a0\u00bb custom_button=\u00a0\u00bbon\u00a0\u00bb button_text_size=\u00a0\u00bb24px\u00a0\u00bb button_text_color=\u00a0\u00bb#FFFFFF\u00a0\u00bb button_bg_color=\u00a0\u00bb#000000&Prime; button_border_radius=\u00a0\u00bb10px\u00a0\u00bb hover_enabled=\u00a0\u00bb0&Prime; button_text_size_tablet=\u00a0\u00bb24px\u00a0\u00bb button_text_size_phone=\u00a0\u00bb24px\u00a0\u00bb button_text_size_last_edited=\u00a0\u00bbon|desktop\u00a0\u00bb global_colors_info=\u00a0\u00bb{}\u00a0\u00bb button_bg_color__hover_enabled=\u00a0\u00bbon|hover\u00a0\u00bb sticky_enabled=\u00a0\u00bb0&Prime; button_bg_color__hover=\u00a0\u00bb#0C71C3&Prime; button_bg_enable_color__hover=\u00a0\u00bbon\u00a0\u00bb button_url=\u00a0\u00bb\/arnaud-consulting\/contact\u00a0\u00bb][\/et_pb_button][\/et_pb_column][\/et_pb_row][\/et_pb_section][et_pb_section fb_built=\u00a0\u00bb1&Prime; admin_label=\u00a0\u00bbTestimonials\u00a0\u00bb _builder_version=\u00a0\u00bb4.16&Prime; background_color=\u00a0\u00bb#f5f7fa\u00a0\u00bb use_background_color_gradient=\u00a0\u00bbon\u00a0\u00bb background_color_gradient_stops=\u00a0\u00bb#f5f7fa 0%|#ffffff 100%\u00a0\u00bb background_color_gradient_start=\u00a0\u00bb#f5f7fa\u00a0\u00bb background_color_gradient_end=\u00a0\u00bb#ffffff\u00a0\u00bb background_image=\u00a0\u00bbhttps:\/\/www.webvice.fr\/arnaud-consulting\/wp-content\/uploads\/2025\/05\/venture_09-scaled.png\u00a0\u00bb background_size=\u00a0\u00bbcontain\u00a0\u00bb background_position=\u00a0\u00bbcenter_right\u00a0\u00bb custom_padding=\u00a0\u00bb5px|||||\u00a0\u00bb locked=\u00a0\u00bboff\u00a0\u00bb global_colors_info=\u00a0\u00bb{}\u00a0\u00bb][et_pb_row _builder_version=\u00a0\u00bb4.16&Prime; locked=\u00a0\u00bboff\u00a0\u00bb global_colors_info=\u00a0\u00bb{}\u00a0\u00bb][et_pb_column type=\u00a0\u00bb4_4&Prime; _builder_version=\u00a0\u00bb4.16&Prime; global_colors_info=\u00a0\u00bb{}\u00a0\u00bb][et_pb_text _builder_version=\u00a0\u00bb4.16&Prime; text_font_size=\u00a0\u00bb16px\u00a0\u00bb text_line_height=\u00a0\u00bb2em\u00a0\u00bb header_2_font=\u00a0\u00bbMerriweather||||||||\u00a0\u00bb header_2_font_size=\u00a0\u00bb50px\u00a0\u00bb header_2_line_height=\u00a0\u00bb1.4em\u00a0\u00bb text_orientation=\u00a0\u00bbcenter\u00a0\u00bb max_width=\u00a0\u00bb800px\u00a0\u00bb max_width_tablet=\u00a0\u00bb\u00a0\u00bb max_width_phone=\u00a0\u00bb\u00a0\u00bb max_width_last_edited=\u00a0\u00bbon|phone\u00a0\u00bb module_alignment=\u00a0\u00bbcenter\u00a0\u00bb header_2_font_size_tablet=\u00a0\u00bb36px\u00a0\u00bb header_2_font_size_phone=\u00a0\u00bb24px\u00a0\u00bb header_2_font_size_last_edited=\u00a0\u00bbon|desktop\u00a0\u00bb locked=\u00a0\u00bboff\u00a0\u00bb global_colors_info=\u00a0\u00bb{}\u00a0\u00bb]<h2>Ils m&rsquo;ont fait <span style=\"color: #0c71c3;\">C<\/span>onfiance !<\/h2>[\/et_pb_text][\/et_pb_column][\/et_pb_row][et_pb_row column_structure=\u00a0\u00bb1_3,1_3,1_3&Prime; _builder_version=\u00a0\u00bb4.27.4&Prime; animation_style=\u00a0\u00bbflip\u00a0\u00bb global_colors_info=\u00a0\u00bb{}\u00a0\u00bb][et_pb_column type=\u00a0\u00bb1_3&Prime; _builder_version=\u00a0\u00bb4.16&Prime; global_colors_info=\u00a0\u00bb{}\u00a0\u00bb][et_pb_testimonial portrait_url=\u00a0\u00bbhttps:\/\/www.webvice.fr\/arnaud-consulting\/wp-content\/uploads\/2025\/05\/portrait-square-12.jpg\u00a0\u00bb quote_icon=\u00a0\u00bboff\u00a0\u00bb _builder_version=\u00a0\u00bb4.16&Prime; body_font_size=\u00a0\u00bb16px\u00a0\u00bb body_line_height=\u00a0\u00bb2em\u00a0\u00bb author_line_height=\u00a0\u00bb1.8em\u00a0\u00bb position_line_height=\u00a0\u00bb1.8em\u00a0\u00bb company_line_height=\u00a0\u00bb1.6em\u00a0\u00bb background_color=\u00a0\u00bb#ffffff\u00a0\u00bb body_font_size_tablet=\u00a0\u00bb\u00a0\u00bb body_font_size_phone=\u00a0\u00bb14px\u00a0\u00bb body_font_size_last_edited=\u00a0\u00bbon|phone\u00a0\u00bb box_shadow_style=\u00a0\u00bbpreset3&Prime; box_shadow_horizontal=\u00a0\u00bb13px\u00a0\u00bb box_shadow_vertical=\u00a0\u00bb38px\u00a0\u00bb box_shadow_blur=\u00a0\u00bb50px\u00a0\u00bb box_shadow_spread=\u00a0\u00bb0px\u00a0\u00bb box_shadow_color=\u00a0\u00bbrgba(133,143,175,0.2)\u00a0\u00bb global_colors_info=\u00a0\u00bb{}\u00a0\u00bb]<p style=\"text-align: justify;\"><strong data-start=\"251\" data-end=\"464\">\u201cL\u2019accompagnement nous a permis de structurer notre strat\u00e9gie commerciale et de prioriser les bonnes actions. R\u00e9sultat : une \u00e9quipe align\u00e9e, des d\u00e9cisions plus claires, et un vrai impact sur notre croissance.\u201d<\/strong><\/p>\n<p style=\"text-align: justify;\"><em data-start=\"469\" data-end=\"517\">Sophie M, Dirigeante \u2013 Cabinet RH ind\u00e9pendant<\/em><\/p>[\/et_pb_testimonial][\/et_pb_column][et_pb_column type=\u00a0\u00bb1_3&Prime; _builder_version=\u00a0\u00bb4.16&Prime; global_colors_info=\u00a0\u00bb{}\u00a0\u00bb][et_pb_testimonial portrait_url=\u00a0\u00bbhttps:\/\/www.webvice.fr\/arnaud-consulting\/wp-content\/uploads\/2025\/05\/portrait-square-03-3.jpg\u00a0\u00bb quote_icon=\u00a0\u00bboff\u00a0\u00bb _builder_version=\u00a0\u00bb4.16&Prime; body_font_size=\u00a0\u00bb16px\u00a0\u00bb body_line_height=\u00a0\u00bb2em\u00a0\u00bb author_line_height=\u00a0\u00bb1.8em\u00a0\u00bb position_line_height=\u00a0\u00bb1.8em\u00a0\u00bb company_line_height=\u00a0\u00bb1.6em\u00a0\u00bb background_color=\u00a0\u00bb#ffffff\u00a0\u00bb body_font_size_tablet=\u00a0\u00bb\u00a0\u00bb body_font_size_phone=\u00a0\u00bb14px\u00a0\u00bb body_font_size_last_edited=\u00a0\u00bbon|phone\u00a0\u00bb box_shadow_style=\u00a0\u00bbpreset3&Prime; box_shadow_horizontal=\u00a0\u00bb13px\u00a0\u00bb box_shadow_vertical=\u00a0\u00bb38px\u00a0\u00bb box_shadow_blur=\u00a0\u00bb50px\u00a0\u00bb box_shadow_spread=\u00a0\u00bb0px\u00a0\u00bb box_shadow_color=\u00a0\u00bbrgba(133,143,175,0.2)\u00a0\u00bb locked=\u00a0\u00bboff\u00a0\u00bb global_colors_info=\u00a0\u00bb{}\u00a0\u00bb]<p style=\"text-align: justify;\"><strong data-start=\"576\" data-end=\"772\">\u201cJ\u2019avais besoin d\u2019un regard ext\u00e9rieur pour trancher sur des choix cruciaux. L\u2019analyse a \u00e9t\u00e9 fine, rapide, sans jargon inutile. On a pu mettre en place des changements d\u00e8s la premi\u00e8re semaine.\u201d<\/strong><\/p>\n<p style=\"text-align: justify;\"><br data-start=\"772\" data-end=\"775\" \/><em data-start=\"777\" data-end=\"816\">Joseph T, Fondateur \u2013 Agence digitale<\/em><\/p>[\/et_pb_testimonial][\/et_pb_column][et_pb_column type=\u00a0\u00bb1_3&Prime; _builder_version=\u00a0\u00bb4.16&Prime; global_colors_info=\u00a0\u00bb{}\u00a0\u00bb][et_pb_testimonial portrait_url=\u00a0\u00bbhttps:\/\/www.webvice.fr\/arnaud-consulting\/wp-content\/uploads\/2025\/05\/portrait-square-07.jpg\u00a0\u00bb quote_icon=\u00a0\u00bboff\u00a0\u00bb _builder_version=\u00a0\u00bb4.16&Prime; body_font_size=\u00a0\u00bb16px\u00a0\u00bb body_line_height=\u00a0\u00bb2em\u00a0\u00bb author_line_height=\u00a0\u00bb1.8em\u00a0\u00bb position_line_height=\u00a0\u00bb1.8em\u00a0\u00bb company_line_height=\u00a0\u00bb1.6em\u00a0\u00bb background_color=\u00a0\u00bb#ffffff\u00a0\u00bb body_font_size_tablet=\u00a0\u00bb\u00a0\u00bb body_font_size_phone=\u00a0\u00bb14px\u00a0\u00bb body_font_size_last_edited=\u00a0\u00bbon|phone\u00a0\u00bb box_shadow_style=\u00a0\u00bbpreset3&Prime; box_shadow_horizontal=\u00a0\u00bb13px\u00a0\u00bb box_shadow_vertical=\u00a0\u00bb38px\u00a0\u00bb box_shadow_blur=\u00a0\u00bb50px\u00a0\u00bb box_shadow_spread=\u00a0\u00bb0px\u00a0\u00bb box_shadow_color=\u00a0\u00bbrgba(133,143,175,0.2)\u00a0\u00bb locked=\u00a0\u00bboff\u00a0\u00bb global_colors_info=\u00a0\u00bb{}\u00a0\u00bb]<p style=\"text-align: justify;\"><strong data-start=\"878\" data-end=\"1057\">\u201cAu-del\u00e0 des conseils, c\u2019est surtout la capacit\u00e9 \u00e0 cadrer, poser les bonnes questions et transformer les id\u00e9es en plan d\u2019action concret qui m\u2019a marqu\u00e9. Tr\u00e8s bonne exp\u00e9rience.\u201d<\/strong><\/p>\n<p style=\"text-align: justify;\"><br data-start=\"1057\" data-end=\"1060\" \/><em data-start=\"1062\" data-end=\"1126\">Claire B, Responsable marketing \u2013 Entreprise de services num\u00e9riques<\/em><\/p>[\/et_pb_testimonial][\/et_pb_column][\/et_pb_row][\/et_pb_section]\n","protected":false},"excerpt":{"rendered":"<p>Je m&rsquo;appelle Arnaud Dupuis, fondateur d&rsquo;Arnaud Consulting.Avec plus de 10 ans d\u2019exp\u00e9rience dans le conseil aux entreprises, j\u2019ai accompagn\u00e9 de nombreux dirigeants, ind\u00e9pendants et porteurs de projets dans leurs enjeux strat\u00e9giques : organisation, d\u00e9veloppement, repositionnement, ou encore transformation digitale. Ce que je propose, ce n\u2019est pas du conseil d\u00e9connect\u00e9 de la r\u00e9alit\u00e9, mais un accompagnement [&hellip;]<\/p>\n","protected":false},"author":1,"featured_media":0,"parent":0,"menu_order":0,"comment_status":"closed","ping_status":"closed","template":"","meta":{"_et_pb_use_builder":"on","_et_pb_old_content":"","_et_gb_content_width":"","footnotes":""},"class_list":["post-223","page","type-page","status-publish","hentry"],"yoast_head":"<!-- This site is optimized with the Yoast SEO plugin v27.4 - https:\/\/yoast.com\/product\/yoast-seo-wordpress\/ -->\n<title>Qui suis-je ? - Arnaud Consulting, expert en conseil strat\u00e9gique<\/title>\n<meta name=\"description\" content=\"J\u2019accompagne les dirigeants B2B avec une approche humaine et pragmatique pour les aider \u00e0 prendre des d\u00e9cisions claires et structur\u00e9es\" \/>\n<meta name=\"robots\" content=\"noindex, nofollow\" \/>\n<meta property=\"og:locale\" content=\"fr_FR\" \/>\n<meta property=\"og:type\" content=\"article\" \/>\n<meta property=\"og:title\" content=\"Qui suis-je ? - Arnaud Consulting, expert en conseil strat\u00e9gique\" \/>\n<meta property=\"og:description\" content=\"J\u2019accompagne les dirigeants B2B avec une approche humaine et pragmatique pour les aider \u00e0 prendre des d\u00e9cisions claires et structur\u00e9es\" \/>\n<meta property=\"og:url\" content=\"https:\/\/www.webvice.fr\/arnaud-consulting\/a-propos\/\" \/>\n<meta property=\"og:site_name\" content=\"Arnaud consulting\" \/>\n<meta property=\"article:modified_time\" content=\"2025-06-19T15:07:13+00:00\" \/>\n<meta name=\"twitter:card\" content=\"summary_large_image\" \/>\n<meta name=\"twitter:label1\" content=\"Dur\u00e9e de lecture estim\u00e9e\" \/>\n\t<meta name=\"twitter:data1\" content=\"2 minutes\" \/>\n<script type=\"application\/ld+json\" class=\"yoast-schema-graph\">{\"@context\":\"https:\\\/\\\/schema.org\",\"@graph\":[{\"@type\":\"WebPage\",\"@id\":\"https:\\\/\\\/www.webvice.fr\\\/arnaud-consulting\\\/a-propos\\\/\",\"url\":\"https:\\\/\\\/www.webvice.fr\\\/arnaud-consulting\\\/a-propos\\\/\",\"name\":\"Qui suis-je ? - Arnaud Consulting, expert en conseil strat\u00e9gique\",\"isPartOf\":{\"@id\":\"https:\\\/\\\/www.webvice.fr\\\/arnaud-consulting\\\/#website\"},\"datePublished\":\"2025-06-17T14:01:36+00:00\",\"dateModified\":\"2025-06-19T15:07:13+00:00\",\"description\":\"J\u2019accompagne les dirigeants B2B avec une approche humaine et pragmatique pour les aider \u00e0 prendre des d\u00e9cisions claires et structur\u00e9es\",\"breadcrumb\":{\"@id\":\"https:\\\/\\\/www.webvice.fr\\\/arnaud-consulting\\\/a-propos\\\/#breadcrumb\"},\"inLanguage\":\"fr-FR\",\"potentialAction\":[{\"@type\":\"ReadAction\",\"target\":[\"https:\\\/\\\/www.webvice.fr\\\/arnaud-consulting\\\/a-propos\\\/\"]}]},{\"@type\":\"BreadcrumbList\",\"@id\":\"https:\\\/\\\/www.webvice.fr\\\/arnaud-consulting\\\/a-propos\\\/#breadcrumb\",\"itemListElement\":[{\"@type\":\"ListItem\",\"position\":1,\"name\":\"Accueil\",\"item\":\"https:\\\/\\\/www.webvice.fr\\\/arnaud-consulting\\\/\"},{\"@type\":\"ListItem\",\"position\":2,\"name\":\"A propos\"}]},{\"@type\":\"WebSite\",\"@id\":\"https:\\\/\\\/www.webvice.fr\\\/arnaud-consulting\\\/#website\",\"url\":\"https:\\\/\\\/www.webvice.fr\\\/arnaud-consulting\\\/\",\"name\":\"Arnaud consulting\",\"description\":\"\",\"potentialAction\":[{\"@type\":\"SearchAction\",\"target\":{\"@type\":\"EntryPoint\",\"urlTemplate\":\"https:\\\/\\\/www.webvice.fr\\\/arnaud-consulting\\\/?s={search_term_string}\"},\"query-input\":{\"@type\":\"PropertyValueSpecification\",\"valueRequired\":true,\"valueName\":\"search_term_string\"}}],\"inLanguage\":\"fr-FR\"}]}<\/script>\n<!-- \/ Yoast SEO plugin. -->","yoast_head_json":{"title":"Qui suis-je ? - Arnaud Consulting, expert en conseil strat\u00e9gique","description":"J\u2019accompagne les dirigeants B2B avec une approche humaine et pragmatique pour les aider \u00e0 prendre des d\u00e9cisions claires et structur\u00e9es","robots":{"index":"noindex","follow":"nofollow"},"og_locale":"fr_FR","og_type":"article","og_title":"Qui suis-je ? - Arnaud Consulting, expert en conseil strat\u00e9gique","og_description":"J\u2019accompagne les dirigeants B2B avec une approche humaine et pragmatique pour les aider \u00e0 prendre des d\u00e9cisions claires et structur\u00e9es","og_url":"https:\/\/www.webvice.fr\/arnaud-consulting\/a-propos\/","og_site_name":"Arnaud consulting","article_modified_time":"2025-06-19T15:07:13+00:00","twitter_card":"summary_large_image","twitter_misc":{"Dur\u00e9e de lecture estim\u00e9e":"2 minutes"},"schema":{"@context":"https:\/\/schema.org","@graph":[{"@type":"WebPage","@id":"https:\/\/www.webvice.fr\/arnaud-consulting\/a-propos\/","url":"https:\/\/www.webvice.fr\/arnaud-consulting\/a-propos\/","name":"Qui suis-je ? - Arnaud Consulting, expert en conseil strat\u00e9gique","isPartOf":{"@id":"https:\/\/www.webvice.fr\/arnaud-consulting\/#website"},"datePublished":"2025-06-17T14:01:36+00:00","dateModified":"2025-06-19T15:07:13+00:00","description":"J\u2019accompagne les dirigeants B2B avec une approche humaine et pragmatique pour les aider \u00e0 prendre des d\u00e9cisions claires et structur\u00e9es","breadcrumb":{"@id":"https:\/\/www.webvice.fr\/arnaud-consulting\/a-propos\/#breadcrumb"},"inLanguage":"fr-FR","potentialAction":[{"@type":"ReadAction","target":["https:\/\/www.webvice.fr\/arnaud-consulting\/a-propos\/"]}]},{"@type":"BreadcrumbList","@id":"https:\/\/www.webvice.fr\/arnaud-consulting\/a-propos\/#breadcrumb","itemListElement":[{"@type":"ListItem","position":1,"name":"Accueil","item":"https:\/\/www.webvice.fr\/arnaud-consulting\/"},{"@type":"ListItem","position":2,"name":"A propos"}]},{"@type":"WebSite","@id":"https:\/\/www.webvice.fr\/arnaud-consulting\/#website","url":"https:\/\/www.webvice.fr\/arnaud-consulting\/","name":"Arnaud consulting","description":"","potentialAction":[{"@type":"SearchAction","target":{"@type":"EntryPoint","urlTemplate":"https:\/\/www.webvice.fr\/arnaud-consulting\/?s={search_term_string}"},"query-input":{"@type":"PropertyValueSpecification","valueRequired":true,"valueName":"search_term_string"}}],"inLanguage":"fr-FR"}]}},"_links":{"self":[{"href":"https:\/\/www.webvice.fr\/arnaud-consulting\/wp-json\/wp\/v2\/pages\/223","targetHints":{"allow":["GET"]}}],"collection":[{"href":"https:\/\/www.webvice.fr\/arnaud-consulting\/wp-json\/wp\/v2\/pages"}],"about":[{"href":"https:\/\/www.webvice.fr\/arnaud-consulting\/wp-json\/wp\/v2\/types\/page"}],"author":[{"embeddable":true,"href":"https:\/\/www.webvice.fr\/arnaud-consulting\/wp-json\/wp\/v2\/users\/1"}],"replies":[{"embeddable":true,"href":"https:\/\/www.webvice.fr\/arnaud-consulting\/wp-json\/wp\/v2\/comments?post=223"}],"version-history":[{"count":13,"href":"https:\/\/www.webvice.fr\/arnaud-consulting\/wp-json\/wp\/v2\/pages\/223\/revisions"}],"predecessor-version":[{"id":369,"href":"https:\/\/www.webvice.fr\/arnaud-consulting\/wp-json\/wp\/v2\/pages\/223\/revisions\/369"}],"wp:attachment":[{"href":"https:\/\/www.webvice.fr\/arnaud-consulting\/wp-json\/wp\/v2\/media?parent=223"}],"curies":[{"name":"wp","href":"https:\/\/api.w.org\/{rel}","templated":true}]}}